{"id":2429,"date":"2024-08-28T10:22:09","date_gmt":"2024-08-28T02:22:09","guid":{"rendered":"http:\/\/www.connectionflexible.com\/?post_type=product&#038;p=2429"},"modified":"2024-09-13T11:53:36","modified_gmt":"2024-09-13T03:53:36","slug":"universelle-sattelklemme","status":"publish","type":"product","link":"https:\/\/www.connectionflexible.com\/de\/product\/universal-saddle-clamp\/","title":{"rendered":"Universelle Sattelklemme"},"content":{"rendered":"<table style=\"width: 100%; height: 125px;\" width=\"100%\" cellspacing=\"0\" cellpadding=\"0px 7px\">\n<tbody>\n<tr class=\"firstRow\" style=\"height: 25px;\">\n<td style=\"padding: 0px 7px; border-width: 1px; border-color: #ffffff; background: #4472c4; text-align: center; vertical-align: middle; height: 36px;\" valign=\"center\" width=\"69\"><span style=\"color: #ffffff; font-size: 12pt;\"><strong><span style=\"font-family: Verdana;\">Teilnummer<\/span><\/strong><\/span><\/td>\n<td style=\"padding: 0px 7px; border-left: none; border-right-width: 1px; border-right-color: #ffffff; border-top-width: 1px; border-top-color: #ffffff; border-bottom-width: 1px; border-bottom-color: #ffffff; background: #4472c4; text-align: center; vertical-align: middle; height: 25px;\" valign=\"center\" width=\"371\"><span style=\"color: #ffffff; font-size: 12pt;\"><strong><span style=\"font-family: Verdana;\">Teilname<\/span><\/strong><\/span><\/td>\n<td style=\"padding: 0px 7px; border-left: none; border-right-width: 1px; border-right-color: #ffffff; border-top-width: 1px; border-top-color: #ffffff; border-bottom-width: 1px; border-bottom-color: #ffffff; background: #4472c4; text-align: center; vertical-align: middle; height: 25px;\" valign=\"center\" width=\"164\"><span style=\"color: #ffffff; font-size: 12pt;\"><strong><span style=\"font-family: Verdana;\">Material<\/span><\/strong><\/span><\/td>\n<td style=\"padding: 0px 7px; border-left: none; border-right-width: 1px; border-right-color: #ffffff; border-top-width: 1px; border-top-color: #ffffff; border-bottom-width: 1px; border-bottom-color: #ffffff; background: #4472c4; text-align: center; vertical-align: middle; height: 25px;\" valign=\"center\" width=\"130\"><span style=\"color: #ffffff; font-size: 12pt;\"><strong><span style=\"font-family: Verdana;\">Standard<\/span><\/strong><\/span><\/td>\n<\/tr>\n<tr style=\"height: 20px;\">\n<td style=\"padding: 0px 7px; border-left-width: 1px; border-left-color: #ffffff; border-right-width: 1px; border-right-color: #ffffff; border-top: none; border-bottom-width: 1px; border-bottom-color: #ffffff; background: #b4c6e7; text-align: center; vertical-align: middle; height: 36px;\" valign=\"center\" width=\"69\"><span style=\"font-family: Verdana; font-size: 12pt; color: #000000;\">1<\/span><\/td>\n<td style=\"padding: 0px 7px; border-left: none; border-right-width: 1px; border-right-color: #ffffff; border-top: none; border-bottom-width: 1px; border-bottom-color: #ffffff; background: #d9e2f3; text-align: center; vertical-align: middle; height: 25px;\" valign=\"center\" width=\"371\"><span style=\"font-family: Verdana; font-size: 12pt; color: #000000;\">K\u00f6rper<\/span><\/td>\n<td style=\"padding: 0px 7px; border-left: none; border-right-width: 1px; border-right-color: #ffffff; border-top: none; border-bottom-width: 1px; border-bottom-color: #ffffff; background: #d9e2f3; text-align: center; vertical-align: middle; height: 25px;\" valign=\"center\" width=\"164\"><span style=\"font-family: Verdana; font-size: 12pt; color: #000000;\">GGG50<\/span><\/td>\n<td style=\"padding: 0px 7px; border-left: none; border-right-width: 1px; border-right-color: #ffffff; border-top: none; border-bottom-width: 1px; border-bottom-color: #ffffff; background: #d9e2f3; text-align: center; vertical-align: middle; height: 25px;\" valign=\"center\" width=\"130\"><span style=\"font-family: Verdana; font-size: 12pt; color: #000000;\">EN1563<\/span><\/td>\n<\/tr>\n<tr style=\"height: 20px;\">\n<td style=\"padding: 0px 7px; border-left-width: 1px; border-left-color: #ffffff; border-right-width: 1px; border-right-color: #ffffff; border-top: none; border-bottom-width: 1px; border-bottom-color: #ffffff; background: #b4c6e7; text-align: center; vertical-align: middle; height: 36px;\" valign=\"center\" width=\"69\"><span style=\"font-family: Verdana; font-size: 12pt; color: #000000;\">2<\/span><\/td>\n<td style=\"padding: 0px 7px; border-left: none; border-right-width: 1px; border-right-color: #ffffff; border-top: none; border-bottom-width: 1px; border-bottom-color: #ffffff; background: #b4c6e7; text-align: center; vertical-align: middle; height: 25px;\" valign=\"center\" width=\"371\"><span style=\"font-family: Verdana; font-size: 12pt; color: #000000;\">Dichtung<\/span><\/td>\n<td style=\"padding: 0px 7px; border-left: none; border-right-width: 1px; border-right-color: #ffffff; border-top: none; border-bottom-width: 1px; border-bottom-color: #ffffff; background: #b4c6e7; text-align: center; vertical-align: middle; height: 25px;\" valign=\"center\" width=\"164\"><span style=\"font-family: Verdana; font-size: 12pt; color: #000000;\">EPDM\/SBR\/NBR<\/span><\/td>\n<td style=\"padding: 0px 7px; border-left: none; border-right-width: 1px; border-right-color: #ffffff; border-top: none; border-bottom-width: 1px; border-bottom-color: #ffffff; background: #b4c6e7; text-align: center; vertical-align: middle; height: 25px;\" valign=\"center\" width=\"130\"><span style=\"font-family: Verdana; font-size: 12pt; color: #000000;\">ISO4633<\/span><\/td>\n<\/tr>\n<tr style=\"height: 20px;\">\n<td style=\"padding: 0px 7px; border-left-width: 1px; border-left-color: #ffffff; border-right-width: 1px; border-right-color: #ffffff; border-top: none; border-bottom-width: 1px; border-bottom-color: #ffffff; background: #b4c6e7; text-align: center; vertical-align: middle; height: 36px;\" valign=\"center\" width=\"69\"><span style=\"font-family: Verdana; font-size: 12pt; color: #000000;\">3<\/span><\/td>\n<td style=\"padding: 0px 7px; border-left: none; border-right-width: 1px; border-right-color: #ffffff; border-top: none; border-bottom-width: 1px; border-bottom-color: #ffffff; background: #d9e2f3; text-align: center; vertical-align: middle; height: 25px;\" valign=\"center\" width=\"371\"><span style=\"font-family: Verdana; font-size: 12pt; color: #000000;\">Bolzen &amp; Muttern<\/span><\/td>\n<td style=\"padding: 0px 7px; border-left: none; border-right-width: 1px; border-right-color: #ffffff; border-top: none; border-bottom-width: 1px; border-bottom-color: #ffffff; background: #d9e2f3; text-align: center; vertical-align: middle; height: 25px;\" valign=\"center\" width=\"164\"><span style=\"font-family: Verdana; font-size: 12pt; color: #000000;\">SS304<\/span><\/td>\n<td style=\"padding: 0px 7px; border-left: none; border-right-width: 1px; border-right-color: #ffffff; border-top: none; border-bottom-width: 1px; border-bottom-color: #ffffff; background: #d9e2f3; text-align: center; vertical-align: middle; height: 25px;\" valign=\"center\" width=\"130\"><span style=\"font-family: Verdana; font-size: 12pt; color: #000000;\">AS4181-2013<\/span><\/td>\n<\/tr>\n<tr style=\"height: 20px;\">\n<td style=\"padding: 0px 7px; border-left-width: 1px; border-left-color: #ffffff; border-right-width: 1px; border-right-color: #ffffff; border-top: none; border-bottom-width: 1px; border-bottom-color: #ffffff; background: #b4c6e7; text-align: center; vertical-align: middle; height: 36px;\" valign=\"center\" width=\"69\"><span style=\"font-family: Verdana; font-size: 12pt; color: #000000;\">4<\/span><\/td>\n<td style=\"padding: 0px 7px; border-left: none; border-right-width: 1px; border-right-color: #ffffff; border-top: none; border-bottom-width: 1px; border-bottom-color: #ffffff; background: #b4c6e7; text-align: center; vertical-align: middle; height: 25px;\" valign=\"center\" width=\"371\"><span style=\"font-family: Verdana; font-size: 12pt; color: #000000;\">Finish -Schicht<\/span><\/td>\n<td style=\"padding: 0px 7px; border-left: none; border-right-width: 1px; border-right-color: #ffffff; border-top: none; border-bottom-width: 1px; border-bottom-color: #ffffff; background: #b4c6e7; text-align: center; vertical-align: middle; height: 25px;\" valign=\"center\" width=\"164\"><span style=\"font-family: Verdana; font-size: 12pt; color: #000000;\">Fusion -Bond -Epoxidwesen usw.<\/span><\/td>\n<td style=\"padding: 0px 7px; border-left: none; border-right-width: 1px; border-right-color: #ffffff; border-top: none; border-bottom-width: 1px; border-bottom-color: #ffffff; background: #b4c6e7; text-align: center; vertical-align: middle; height: 25px;\" valign=\"center\" width=\"130\"><span style=\"font-family: Verdana; font-size: 12pt; color: #000000;\">EN14901<\/span><\/td>\n<\/tr>\n<\/tbody>\n<\/table>\n<p><span style=\"font-family: \u5b8b\u4f53; font-size: 12pt; color: #000000;\">\u00a0<\/span><\/p>\n<table style=\"width: 100%;\" width=\"100%\" cellspacing=\"0\" cellpadding=\"0px 7px\">\n<tbody>\n<tr class=\"firstRow\" style=\"height: 20px;\">\n<td style=\"padding: 0px 7px; border-left-width: 1px; border-left-color: #ffffff; border-right: none; border-top-width: 1px; border-top-color: #ffffff; border-bottom: none; background: #4472c4; text-align: center; vertical-align: middle; height: 36px;\" colspan=\"2\" valign=\"center\" width=\"734\"><span style=\"color: #ffffff; font-size: 12pt;\"><strong><span style=\"font-family: Verdana;\">Briefs und Funktionen<\/span><\/strong><\/span><\/td>\n<\/tr>\n<tr style=\"height: 20px;\">\n<td style=\"padding: 0px 7px; border-width: 1px; border-color: #ffffff; background: #b4c6e7; text-align: center; vertical-align: middle; height: 36px;\" valign=\"center\" width=\"69\"><span style=\"font-family: Verdana; font-size: 12pt; color: #000000;\">1<\/span><\/td>\n<td style=\"padding: 0px 7px; border-left: none; border-right-width: 1px; border-right-color: #ffffff; border-top-width: 1px; border-top-color: #ffffff; border-bottom-width: 1px; border-bottom-color: #ffffff; background: #d9e2f3; vertical-align: middle; height: 36px;\" valign=\"center\" width=\"665\"><span style=\"font-family: Verdana; font-size: 12pt; color: #000000;\">Geeignet f\u00fcr Stahl, B\u00fcgeleisen, Kunststoffrohre, breite Fl\u00e4che von Rohrdurchmessern.<\/span><\/td>\n<\/tr>\n<tr style=\"height: 20px;\">\n<td style=\"padding: 0px 7px; border-left-width: 1px; border-left-color: #ffffff; border-right-width: 1px; border-right-color: #ffffff; border-top: none; border-bottom-width: 1px; border-bottom-color: #ffffff; background: #b4c6e7; text-align: center; vertical-align: middle; height: 36px;\" valign=\"center\" width=\"69\"><span style=\"font-family: Verdana; font-size: 12pt; color: #000000;\">2<\/span><\/td>\n<td style=\"padding: 0px 7px; border-left: none; border-right-width: 1px; border-right-color: #ffffff; border-top: none; border-bottom-width: 1px; border-bottom-color: #ffffff; background: #b4c6e7; vertical-align: middle; height: 36px;\" valign=\"center\" width=\"665\"><span style=\"font-family: Verdana; font-size: 12pt; color: #000000;\">Arbeitsdruck PN10\/PN16.<\/span><\/td>\n<\/tr>\n<tr style=\"height: 20px;\">\n<td style=\"padding: 0px 7px; border-left-width: 1px; border-left-color: #ffffff; border-right-width: 1px; border-right-color: #ffffff; border-top: none; border-bottom-width: 1px; border-bottom-color: #ffffff; background: #b4c6e7; text-align: center; vertical-align: middle; height: 36px;\" valign=\"center\" width=\"69\"><span style=\"font-family: Verdana; font-size: 12pt; color: #000000;\">3<\/span><\/td>\n<td style=\"padding: 0px 7px; border-left: none; border-right-width: 1px; border-right-color: #ffffff; border-top: none; border-bottom-width: 1px; border-bottom-color: #ffffff; background: #d9e2f3; vertical-align: middle; height: 36px;\" valign=\"center\" width=\"665\"><span style=\"font-family: Verdana; font-size: 12pt; color: #000000;\">Maximale Temperatur -10 \u00b0 C bis+70 \u00b0 C.<\/span><\/td>\n<\/tr>\n<tr style=\"height: 20px;\">\n<td style=\"padding: 0px 7px; border-left-width: 1px; border-left-color: #ffffff; border-right-width: 1px; border-right-color: #ffffff; border-top: none; border-bottom-width: 1px; border-bottom-color: #ffffff; background: #b4c6e7; text-align: center; vertical-align: middle; height: 36px;\" valign=\"center\" width=\"69\"><span style=\"font-family: Verdana; font-size: 12pt; color: #000000;\">4<\/span><\/td>\n<td style=\"padding: 0px 7px; border-left: none; border-right-width: 1px; border-right-color: #ffffff; border-top: none; border-bottom-width: 1px; border-bottom-color: #ffffff; background: #b4c6e7; vertical-align: middle; height: 36px;\" valign=\"center\" width=\"665\"><span style=\"font-family: Verdana; font-size: 12pt; color: #000000;\">Geeignet f\u00fcr Trinkwasser (WRAS zugelassen), recyceltes Wasser und Abwasser.<\/span><\/td>\n<\/tr>\n<\/tbody>\n<\/table>\n<p><span style=\"font-family: \u5b8b\u4f53; font-size: 12pt; color: #000000;\">\u00a0<\/span><\/p>\n<table style=\"width: 100%;\" width=\"100%\" cellspacing=\"0\" cellpadding=\"0px 7px\">\n<tbody>\n<tr class=\"firstRow\" style=\"height: 13px;\">\n<td style=\"padding: 0px 7px; border-left-width: 1px; border-left-color: #ffffff; border-right: none; border-top: none; border-bottom: none; background: #4472c4; text-align: center; vertical-align: middle; height: 36px;\" colspan=\"2\" valign=\"center\" width=\"734\"><span style=\"color: #ffffff; font-size: 12pt;\"><strong><span style=\"font-family: Verdana;\">Standardeinstellung<\/span><\/strong><\/span><\/td>\n<\/tr>\n<tr style=\"height: 13px;\">\n<td style=\"padding: 0px 7px; border-width: 1px; border-color: #ffffff; background: #d9e1f2; text-align: center; vertical-align: middle; height: 36px;\" valign=\"center\" width=\"501\"><span style=\"font-family: Verdana; font-size: 12pt; color: #000000;\">Flanschbohrung<\/span><\/td>\n<td style=\"padding: 0px 7px; background: #d9e1f2; text-align: center; vertical-align: middle; height: 36px;\" valign=\"center\" width=\"233\"><span style=\"font-family: Verdana; font-size: 12pt; color: #000000;\">EN1092-2, EN1092-1, ANSI<\/span><\/td>\n<\/tr>\n<tr style=\"height: 13px;\">\n<td style=\"padding: 0px 7px; border-left-width: 1px; border-left-color: #ffffff; border-right-width: 1px; border-right-color: #ffffff; border-top: none; border-bottom-width: 1px; border-bottom-color: #ffffff; background: #b4c6e7; text-align: center; vertical-align: middle; height: 36px;\" valign=\"center\" width=\"501\"><span style=\"font-family: Verdana; font-size: 12pt; color: #000000;\">Beschichtung<\/span><\/td>\n<td style=\"padding: 0px 7px; background: #b4c6e7; text-align: center; vertical-align: middle; height: 36px;\" valign=\"center\" width=\"233\"><span style=\"font-family: Verdana; font-size: 12pt; color: #000000;\">EN30677<\/span><\/td>\n<\/tr>\n<tr style=\"height: 13px;\">\n<td style=\"padding: 0px 7px; border-left-width: 1px; border-left-color: #ffffff; border-right-width: 1px; border-right-color: #ffffff; border-top: none; border-bottom-width: 1px; border-bottom-color: #ffffff; background: #d9e1f2; text-align: center; vertical-align: middle; height: 36px;\" valign=\"center\" width=\"501\"><span style=\"font-family: Verdana; font-size: 12pt; color: #000000;\">Pr\u00fcfen<\/span><\/td>\n<td style=\"padding: 0px 7px; background: #d9e1f2; text-align: center; vertical-align: middle; height: 36px;\" valign=\"center\" width=\"233\"><span style=\"font-family: Verdana; font-size: 12pt; color: #000000;\">EN12266-1<\/span><\/td>\n<\/tr>\n<\/tbody>\n<\/table>","protected":false},"excerpt":{"rendered":"<p>Die Universal-Sattelklemme wird f\u00fcr DI\/PE\/PVC- und Stahlrohre w\u00e4hrend des \u00d6ffnungszweigs oder f\u00fcr die Installation von Wasserh\u00e4hne, Wassermesser usw. verwendet. Es kann mit allen Arten von Rohren unter demselben Nenndurchmesser kompatibel sein, was den Inventar der Rohrinstallationsunternehmen erheblich reduziert. Einfach installieren und bequem entfernen. Es kann ununterbrochen sein, das Produkt zu installieren.<\/p>\n<p>Besonderes Design ist zul\u00e4ssig, willkommen, uns zu kontaktieren.<\/p>","protected":false},"featured_media":2600,"comment_status":"open","ping_status":"closed","template":"","meta":{"_acf_changed":false},"product_brand":[],"product_cat":[47],"product_tag":[],"class_list":{"0":"post-2429","1":"product","2":"type-product","3":"status-publish","4":"has-post-thumbnail","6":"product_cat-saddle-clamp","8":"first","9":"instock","10":"shipping-taxable","11":"product-type-simple"},"acf":[],"_links":{"self":[{"href":"https:\/\/www.connectionflexible.com\/de\/wp-json\/wp\/v2\/product\/2429","targetHints":{"allow":["GET"]}}],"collection":[{"href":"https:\/\/www.connectionflexible.com\/de\/wp-json\/wp\/v2\/product"}],"about":[{"href":"https:\/\/www.connectionflexible.com\/de\/wp-json\/wp\/v2\/types\/product"}],"replies":[{"embeddable":true,"href":"https:\/\/www.connectionflexible.com\/de\/wp-json\/wp\/v2\/comments?post=2429"}],"wp:featuredmedia":[{"embeddable":true,"href":"https:\/\/www.connectionflexible.com\/de\/wp-json\/wp\/v2\/media\/2600"}],"wp:attachment":[{"href":"https:\/\/www.connectionflexible.com\/de\/wp-json\/wp\/v2\/media?parent=2429"}],"wp:term":[{"taxonomy":"product_brand","embeddable":true,"href":"https:\/\/www.connectionflexible.com\/de\/wp-json\/wp\/v2\/product_brand?post=2429"},{"taxonomy":"product_cat","embeddable":true,"href":"https:\/\/www.connectionflexible.com\/de\/wp-json\/wp\/v2\/product_cat?post=2429"},{"taxonomy":"product_tag","embeddable":true,"href":"https:\/\/www.connectionflexible.com\/de\/wp-json\/wp\/v2\/product_tag?post=2429"}],"curies":[{"name":"WP","href":"https:\/\/api.w.org\/{rel}","templated":true}]}}