{"id":2437,"date":"2024-08-28T10:40:44","date_gmt":"2024-08-28T02:40:44","guid":{"rendered":"http:\/\/www.connectionflexible.com\/?post_type=product&#038;p=2437"},"modified":"2024-09-18T13:15:00","modified_gmt":"2024-09-18T05:15:00","slug":"gerader-halber-kragen","status":"publish","type":"product","link":"https:\/\/www.connectionflexible.com\/de\/product\/straight-half-collar\/","title":{"rendered":"Gerade Halbkragen"},"content":{"rendered":"<table style=\"width: 100%;\" width=\"100%\" cellspacing=\"0\" cellpadding=\"0px 7px\">\n<tbody>\n<tr class=\"firstRow\" style=\"height: 20px;\">\n<td style=\"padding: 0px 7px; border-width: 1px; border-color: #ffffff; background: #4472c4; text-align: center; vertical-align: middle; height: 36px;\" valign=\"center\" width=\"94\"><span style=\"color: #ffffff; font-size: 12pt;\"><strong><span style=\"font-family: Verdana;\">Teilnummer<\/span><\/strong><\/span><\/td>\n<td style=\"padding: 0px 7px; border-left: none; border-right-width: 1px; border-right-color: #ffffff; border-top-width: 1px; border-top-color: #ffffff; border-bottom-width: 1px; border-bottom-color: #ffffff; background: #4472c4; text-align: center; vertical-align: middle;\" valign=\"center\" width=\"257\"><span style=\"color: #ffffff; font-size: 12pt;\"><strong><span style=\"font-family: Verdana;\">Teilname<\/span><\/strong><\/span><\/td>\n<td style=\"padding: 0px 7px; border-left: none; border-right-width: 1px; border-right-color: #ffffff; border-top-width: 1px; border-top-color: #ffffff; border-bottom-width: 1px; border-bottom-color: #ffffff; background: #4472c4; text-align: center; vertical-align: middle;\" valign=\"center\" width=\"222\"><span style=\"color: #ffffff; font-size: 12pt;\"><strong><span style=\"font-family: Verdana;\">Material<\/span><\/strong><\/span><\/td>\n<td style=\"padding: 0px 7px; border-left: none; border-right-width: 1px; border-right-color: #ffffff; border-top-width: 1px; border-top-color: #ffffff; border-bottom-width: 1px; border-bottom-color: #ffffff; background: #4472c4; text-align: center; vertical-align: middle;\" valign=\"center\" width=\"209\"><span style=\"color: #ffffff; font-size: 12pt;\"><strong><span style=\"font-family: Verdana;\">Standard<\/span><\/strong><\/span><\/td>\n<\/tr>\n<tr style=\"height: 20px;\">\n<td style=\"padding: 0px 7px; border-left-width: 1px; border-left-color: #ffffff; border-right-width: 1px; border-right-color: #ffffff; border-top: none; border-bottom-width: 1px; border-bottom-color: #ffffff; background: #b4c6e7; text-align: center; vertical-align: middle; height: 36px;\" valign=\"center\" width=\"94\"><span style=\"font-family: Verdana; font-size: 12pt; color: #000000;\">1<\/span><\/td>\n<td style=\"padding: 0px 7px; border-left: none; border-right-width: 1px; border-right-color: #ffffff; border-top: none; border-bottom-width: 1px; border-bottom-color: #ffffff; background: #d9e2f3; text-align: center; vertical-align: middle;\" valign=\"center\" width=\"257\"><span style=\"font-family: Verdana; font-size: 12pt; color: #000000;\">Fadengeh\u00e4use<\/span><\/td>\n<td style=\"padding: 0px 7px; border-left: none; border-right-width: 1px; border-right-color: #ffffff; border-top: none; border-bottom-width: 1px; border-bottom-color: #ffffff; background: #d9e2f3; text-align: center; vertical-align: middle;\" valign=\"center\" width=\"222\"><span style=\"font-family: Verdana; font-size: 12pt; color: #000000;\">QT450-10<\/span><\/td>\n<td style=\"padding: 0px 7px; border-left: none; border-right-width: 1px; border-right-color: #ffffff; border-top: none; border-bottom-width: 1px; border-bottom-color: #ffffff; background: #d9e2f3; text-align: center; vertical-align: middle;\" valign=\"center\" width=\"209\"><span style=\"font-family: Verdana; font-size: 12pt; color: #000000;\">GB\/T1348 EN1563<\/span><\/td>\n<\/tr>\n<tr style=\"height: 20px;\">\n<td style=\"padding: 0px 7px; border-left-width: 1px; border-left-color: #ffffff; border-right-width: 1px; border-right-color: #ffffff; border-top: none; border-bottom-width: 1px; border-bottom-color: #ffffff; background: #b4c6e7; text-align: center; vertical-align: middle; height: 36px;\" valign=\"center\" width=\"94\"><span style=\"font-family: Verdana; font-size: 12pt; color: #000000;\">2<\/span><\/td>\n<td style=\"padding: 0px 7px; border-left: none; border-right-width: 1px; border-right-color: #ffffff; border-top: none; border-bottom-width: 1px; border-bottom-color: #ffffff; background: #b4c6e7; text-align: center; vertical-align: middle;\" valign=\"center\" width=\"257\"><span style=\"font-family: Verdana; font-size: 12pt; color: #000000;\">Niedrigere Geh\u00e4use<\/span><\/td>\n<td style=\"padding: 0px 7px; border-left: none; border-right-width: 1px; border-right-color: #ffffff; border-top: none; border-bottom-width: 1px; border-bottom-color: #ffffff; background: #b4c6e7; text-align: center; vertical-align: middle;\" valign=\"center\" width=\"222\"><span style=\"font-family: Verdana; font-size: 12pt; color: #000000;\">QT450-10<\/span><\/td>\n<td style=\"padding: 0px 7px; border-left: none; border-right-width: 1px; border-right-color: #ffffff; border-top: none; border-bottom-width: 1px; border-bottom-color: #ffffff; background: #b4c6e7; text-align: center; vertical-align: middle;\" valign=\"center\" width=\"209\"><span style=\"font-family: Verdana; font-size: 12pt; color: #000000;\">GB\/T1348 EN1563<\/span><\/td>\n<\/tr>\n<tr style=\"height: 20px;\">\n<td style=\"padding: 0px 7px; border-left-width: 1px; border-left-color: #ffffff; border-right-width: 1px; border-right-color: #ffffff; border-top: none; border-bottom-width: 1px; border-bottom-color: #ffffff; background: #b4c6e7; text-align: center; vertical-align: middle; height: 36px;\" valign=\"center\" width=\"94\"><span style=\"font-family: Verdana; font-size: 12pt; color: #000000;\">3<\/span><\/td>\n<td style=\"padding: 0px 7px; border-left: none; border-right-width: 1px; border-right-color: #ffffff; border-top: none; border-bottom-width: 1px; border-bottom-color: #ffffff; background: #d9e2f3; text-align: center; vertical-align: middle;\" valign=\"center\" width=\"257\"><span style=\"font-family: Verdana; font-size: 12pt; color: #000000;\">Bolzen- und Nussdichtung<\/span><\/td>\n<td style=\"padding: 0px 7px; border-left: none; border-right-width: 1px; border-right-color: #ffffff; border-top: none; border-bottom-width: 1px; border-bottom-color: #ffffff; background: #d9e2f3; text-align: center; vertical-align: middle;\" valign=\"center\" width=\"222\"><span style=\"font-family: Verdana; font-size: 12pt; color: #000000;\">Carbon Steel 4.8\/8.8<\/span><\/td>\n<td style=\"padding: 0px 7px; border-left: none; border-right-width: 1px; border-right-color: #ffffff; border-top: none; border-bottom-width: 1px; border-bottom-color: #ffffff; background: #d9e2f3; text-align: center; vertical-align: middle;\" valign=\"center\" width=\"209\"><span style=\"font-family: Verdana; font-size: 12pt; color: #000000;\">GB\/T16938<\/span><\/td>\n<\/tr>\n<tr style=\"height: 20px;\">\n<td style=\"padding: 0px 7px; border-left-width: 1px; border-left-color: #ffffff; border-right-width: 1px; border-right-color: #ffffff; border-top: none; border-bottom-width: 1px; border-bottom-color: #ffffff; background: #b4c6e7; text-align: center; vertical-align: middle; height: 36px;\" valign=\"center\" width=\"94\"><span style=\"font-family: Verdana; font-size: 12pt; color: #000000;\">4<\/span><\/td>\n<td style=\"padding: 0px 7px; border-left: none; border-right-width: 1px; border-right-color: #ffffff; border-top: none; border-bottom-width: 1px; border-bottom-color: #ffffff; background: #b4c6e7; text-align: center; vertical-align: middle;\" valign=\"center\" width=\"257\"><span style=\"font-family: Verdana; font-size: 12pt; color: #000000;\">Dichtung<\/span><\/td>\n<td style=\"padding: 0px 7px; border-left: none; border-right-width: 1px; border-right-color: #ffffff; border-top: none; border-bottom-width: 1px; border-bottom-color: #ffffff; background: #b4c6e7; text-align: center; vertical-align: middle;\" valign=\"center\" width=\"222\"><span style=\"font-family: Verdana; font-size: 12pt; color: #000000;\">EPDM\/SBR\/NBR<\/span><\/td>\n<td style=\"padding: 0px 7px; border-left: none; border-right-width: 1px; border-right-color: #ffffff; border-top: none; border-bottom-width: 1px; border-bottom-color: #ffffff; background: #b4c6e7; text-align: center; vertical-align: middle;\" valign=\"center\" width=\"209\"><span style=\"font-family: Verdana; font-size: 12pt; color: #000000;\">GB\/T21873 EN681-1<\/span><\/td>\n<\/tr>\n<tr style=\"height: 20px;\">\n<td style=\"padding: 0px 7px; border-left-width: 1px; border-left-color: #ffffff; border-right-width: 1px; border-right-color: #ffffff; border-top: none; border-bottom-width: 1px; border-bottom-color: #ffffff; background: #b4c6e7; text-align: center; vertical-align: middle; height: 36px;\" valign=\"center\" width=\"94\"><span style=\"font-family: Verdana; font-size: 12pt; color: #000000;\">5<\/span><\/td>\n<td style=\"padding: 0px 7px; border-left: none; border-right-width: 1px; border-right-color: #ffffff; border-top: none; border-bottom-width: 1px; border-bottom-color: #ffffff; background: #d9e2f3; text-align: center; vertical-align: middle;\" valign=\"center\" width=\"257\"><span style=\"font-family: Verdana; font-size: 12pt; color: #000000;\">Kappe<\/span><\/td>\n<td style=\"padding: 0px 7px; border-left: none; border-right-width: 1px; border-right-color: #ffffff; border-top: none; border-bottom-width: 1px; border-bottom-color: #ffffff; background: #b4c6e7; text-align: center; vertical-align: middle;\" valign=\"center\" width=\"222\"><span style=\"font-family: Verdana; font-size: 12pt; color: #000000;\">Q235B<\/span><\/td>\n<td style=\"padding: 0px 7px; border-left: none; border-right-width: 1px; border-right-color: #ffffff; border-top: none; border-bottom-width: 1px; border-bottom-color: #ffffff; background: #d9e2f3; text-align: center; vertical-align: middle;\" valign=\"center\" width=\"209\"><span style=\"font-family: Verdana; font-size: 12pt; color: #000000;\">GB\/T700<\/span><\/td>\n<\/tr>\n<\/tbody>\n<\/table>\n<p><span style=\"font-family: \u5b8b\u4f53; font-size: 12pt; color: #000000;\">\u00a0<\/span><\/p>\n<table style=\"width: 100%;\" width=\"100%\" cellspacing=\"0\" cellpadding=\"0px 7px\">\n<tbody>\n<tr class=\"firstRow\" style=\"height: 20px;\">\n<td style=\"padding: 0px 7px; border-left-width: 1px; border-left-color: #ffffff; border-right: none; border-top-width: 1px; border-top-color: #ffffff; border-bottom: none; background: #4472c4; text-align: center; vertical-align: middle; height: 36px;\" colspan=\"2\" valign=\"center\" width=\"782\"><span style=\"color: #ffffff; font-size: 12pt;\"><strong><span style=\"font-family: Verdana;\">Briefs und Funktionen<\/span><\/strong><\/span><\/td>\n<\/tr>\n<tr style=\"height: 20px;\">\n<td style=\"padding: 0px 7px; border-width: 1px; border-color: #ffffff; background: #b4c6e7; text-align: center; vertical-align: middle; height: 36px;\" valign=\"center\" width=\"94\"><span style=\"font-family: Verdana; font-size: 12pt; color: #000000;\">1<\/span><\/td>\n<td style=\"padding: 0px 7px; border-left: none; border-right-width: 1px; border-right-color: #ffffff; border-top-width: 1px; border-top-color: #ffffff; border-bottom-width: 1px; border-bottom-color: #ffffff; background: #d9e2f3; vertical-align: middle; height: 36px;\" valign=\"center\" width=\"688\"><span style=\"font-family: Verdana; font-size: 12pt; color: #000000;\">Geeignet f\u00fcr Stahl, B\u00fcgeleisen, Kunststoffrohre, breite Fl\u00e4che von Rohrdurchmessern.<\/span><\/td>\n<\/tr>\n<tr style=\"height: 20px;\">\n<td style=\"padding: 0px 7px; border-left-width: 1px; border-left-color: #ffffff; border-right-width: 1px; border-right-color: #ffffff; border-top: none; border-bottom-width: 1px; border-bottom-color: #ffffff; background: #b4c6e7; text-align: center; vertical-align: middle; height: 36px;\" valign=\"center\" width=\"94\"><span style=\"font-family: Verdana; font-size: 12pt; color: #000000;\">2<\/span><\/td>\n<td style=\"padding: 0px 7px; border-left: none; border-right-width: 1px; border-right-color: #ffffff; border-top: none; border-bottom-width: 1px; border-bottom-color: #ffffff; background: #b4c6e7; vertical-align: middle; height: 36px;\" valign=\"center\" width=\"688\"><span style=\"font-family: Verdana; font-size: 12pt; color: #000000;\">Arbeitsdruck PN10\/PN16.<\/span><\/td>\n<\/tr>\n<tr style=\"height: 20px;\">\n<td style=\"padding: 0px 7px; border-left-width: 1px; border-left-color: #ffffff; border-right-width: 1px; border-right-color: #ffffff; border-top: none; border-bottom-width: 1px; border-bottom-color: #ffffff; background: #b4c6e7; text-align: center; vertical-align: middle; height: 36px;\" valign=\"center\" width=\"94\"><span style=\"font-family: Verdana; font-size: 12pt; color: #000000;\">3<\/span><\/td>\n<td style=\"padding: 0px 7px; border-left: none; border-right-width: 1px; border-right-color: #ffffff; border-top: none; border-bottom-width: 1px; border-bottom-color: #ffffff; background: #d9e2f3; vertical-align: middle; height: 36px;\" valign=\"center\" width=\"688\"><span style=\"font-family: Verdana; font-size: 12pt; color: #000000;\">Maximale Temperatur -10 \u00b0 C bis+70 \u00b0 C.<\/span><\/td>\n<\/tr>\n<tr style=\"height: 32px;\">\n<td style=\"padding: 0px 7px; border-left-width: 1px; border-left-color: #ffffff; border-right-width: 1px; border-right-color: #ffffff; border-top: none; border-bottom-width: 1px; border-bottom-color: #ffffff; background: #b4c6e7; text-align: center; vertical-align: middle; height: 36px;\" valign=\"center\" width=\"94\"><span style=\"font-family: Verdana; font-size: 12pt; color: #000000;\">4<\/span><\/td>\n<td style=\"padding: 0px 7px; background: #b4c6e7; vertical-align: middle; height: 36px;\" valign=\"center\" width=\"688\"><span style=\"font-family: Verdana; font-size: 12pt; color: #000000;\">Geeignet f\u00fcr Trinkwasser (WRAS zugelassen), recyceltes Wasser und Abwasser.<\/span><\/td>\n<\/tr>\n<tr style=\"height: 20px;\">\n<td style=\"padding: 0px 7px; background: #b4c6e7; text-align: center; vertical-align: middle; height: 36px;\" valign=\"center\" width=\"94\"><span style=\"font-family: Verdana; font-size: 12pt; color: #000000;\">5<\/span><\/td>\n<td style=\"padding: 0px 7px; border-width: 1px; border-color: #ffffff; background: #d9e2f3; vertical-align: middle; height: 36px;\" valign=\"center\" width=\"688\"><span style=\"font-family: Verdana; font-size: 12pt; color: #000000;\">Die Gesamtwinkelabweichung betr\u00e4gt +\/- 6 Grad.<\/span><\/td>\n<\/tr>\n<\/tbody>\n<\/table>\n<p><span style=\"font-family: \u5b8b\u4f53; font-size: 12pt; color: #000000;\">\u00a0<\/span><\/p>\n<table style=\"width: 100%;\" width=\"100%\" cellspacing=\"0\" cellpadding=\"0px 7px\">\n<tbody>\n<tr class=\"firstRow\" style=\"height: 20px;\">\n<td style=\"padding: 0px 7px; border-left-width: 1px; border-left-color: #ffffff; border-right: none; border-top-width: 1px; border-top-color: #ffffff; border-bottom: none; background: #4472c4; text-align: center; vertical-align: middle; height: 36px;\" colspan=\"2\" valign=\"center\" width=\"782\"><span style=\"color: #ffffff; font-size: 12pt;\"><strong><span style=\"font-family: Verdana;\">Standardeinstellung<\/span><\/strong><\/span><\/td>\n<\/tr>\n<tr style=\"height: 20px;\">\n<td style=\"padding: 0px 7px; border-width: 1px; border-color: #ffffff; background: #b4c6e7; text-align: center; vertical-align: middle; height: 36px;\" valign=\"center\" width=\"403\"><span style=\"font-family: Verdana; font-size: 12pt; color: #000000;\">Beschichtung<\/span><\/td>\n<td style=\"padding: 0px 7px; border-left: none; border-right-width: 1px; border-right-color: #ffffff; border-top-width: 1px; border-top-color: #ffffff; border-bottom-width: 1px; border-bottom-color: #ffffff; background: #b4c6e7; text-align: center; vertical-align: middle; height: 36px;\" valign=\"center\" width=\"379\"><span style=\"font-family: Verdana; font-size: 12pt; color: #000000;\">EN30677<\/span><\/td>\n<\/tr>\n<tr style=\"height: 20px;\">\n<td style=\"padding: 0px 7px; border-left-width: 1px; border-left-color: #ffffff; border-right-width: 1px; border-right-color: #ffffff; border-top: none; border-bottom-width: 1px; border-bottom-color: #ffffff; background: #d9e1f2; text-align: center; vertical-align: middle; height: 36px;\" valign=\"center\" width=\"403\"><span style=\"font-family: Verdana; font-size: 12pt; color: #000000;\">Pr\u00fcfen<\/span><\/td>\n<td style=\"padding: 0px 7px; border-left: none; border-right-width: 1px; border-right-color: #ffffff; border-top: none; border-bottom-width: 1px; border-bottom-color: #ffffff; background: #d9e1f2; text-align: center; vertical-align: middle; height: 36px;\" valign=\"center\" width=\"379\"><span style=\"font-family: Verdana; font-size: 12pt; color: #000000;\">EN12266-1<\/span><\/td>\n<\/tr>\n<\/tbody>\n<\/table>","protected":false},"excerpt":{"rendered":"<p>Halbkragen repr\u00e4sentiert die neueste mechanische Kopplungstechnologie zum Anschlie\u00dfen eines Rohrs f\u00fcr das Anschlie\u00dfen eines Sortendurchmessers, um die Installationszeit zu speichern, einfach zu installieren und bequem zu entfernen.<\/p>\n<p>Besonderes Design ist zul\u00e4ssig, willkommen, uns zu kontaktieren.<\/p>","protected":false},"featured_media":2641,"comment_status":"open","ping_status":"closed","template":"","meta":{"_acf_changed":false},"product_brand":[],"product_cat":[90],"product_tag":[],"class_list":{"0":"post-2437","1":"product","2":"type-product","3":"status-publish","4":"has-post-thumbnail","6":"product_cat-half-collar","8":"first","9":"instock","10":"shipping-taxable","11":"product-type-simple"},"acf":[],"_links":{"self":[{"href":"https:\/\/www.connectionflexible.com\/de\/wp-json\/wp\/v2\/product\/2437","targetHints":{"allow":["GET"]}}],"collection":[{"href":"https:\/\/www.connectionflexible.com\/de\/wp-json\/wp\/v2\/product"}],"about":[{"href":"https:\/\/www.connectionflexible.com\/de\/wp-json\/wp\/v2\/types\/product"}],"replies":[{"embeddable":true,"href":"https:\/\/www.connectionflexible.com\/de\/wp-json\/wp\/v2\/comments?post=2437"}],"wp:featuredmedia":[{"embeddable":true,"href":"https:\/\/www.connectionflexible.com\/de\/wp-json\/wp\/v2\/media\/2641"}],"wp:attachment":[{"href":"https:\/\/www.connectionflexible.com\/de\/wp-json\/wp\/v2\/media?parent=2437"}],"wp:term":[{"taxonomy":"product_brand","embeddable":true,"href":"https:\/\/www.connectionflexible.com\/de\/wp-json\/wp\/v2\/product_brand?post=2437"},{"taxonomy":"product_cat","embeddable":true,"href":"https:\/\/www.connectionflexible.com\/de\/wp-json\/wp\/v2\/product_cat?post=2437"},{"taxonomy":"product_tag","embeddable":true,"href":"https:\/\/www.connectionflexible.com\/de\/wp-json\/wp\/v2\/product_tag?post=2437"}],"curies":[{"name":"WP","href":"https:\/\/api.w.org\/{rel}","templated":true}]}}