{"id":205,"date":"2024-06-28T15:56:11","date_gmt":"2024-06-28T07:56:11","guid":{"rendered":"http:\/\/www.connectionflexible.com\/?post_type=product&#038;p=205"},"modified":"2024-09-29T12:34:22","modified_gmt":"2024-09-29T04:34:22","slug":"adaptador-de-brida-universal-2","status":"publish","type":"product","link":"https:\/\/www.connectionflexible.com\/es\/product\/universal-flange-adaptor\/","title":{"rendered":"Adaptador de brida universal"},"content":{"rendered":"<table style=\"width: 100%;\" width=\"100%\" cellspacing=\"0\" cellpadding=\"0px 7px\">\n<tbody>\n<tr class=\"firstRow\" style=\"height: 20px;\">\n<td style=\"padding: 0px 7px; border-width: 1px; border-color: #ffffff; background: #4472c4; height: 34px; text-align: center; vertical-align: middle;\" valign=\"center\" width=\"56\"><span style=\"font-size: 12pt;\"><strong><span style=\"font-family: Verdana; color: #ffffff;\">No.<\/span><\/strong><\/span><\/td>\n<td style=\"padding: 0px 7px; border-left: none; border-right-width: 1px; border-right-color: #ffffff; border-top-width: 1px; border-top-color: #ffffff; border-bottom-width: 1px; border-bottom-color: #ffffff; background: #4472c4; height: 34px; text-align: center; vertical-align: middle;\" valign=\"center\" width=\"195\"><span style=\"font-size: 12pt;\"><strong><span style=\"font-family: Verdana; color: #ffffff;\">Nombre de parte<\/span><\/strong><\/span><\/td>\n<td style=\"padding: 0px 7px; border-left: none; border-right-width: 1px; border-right-color: #ffffff; border-top-width: 1px; border-top-color: #ffffff; border-bottom-width: 1px; border-bottom-color: #ffffff; background: #4472c4; height: 34px; text-align: center; vertical-align: middle;\" valign=\"center\" width=\"187\"><span style=\"font-size: 12pt;\"><strong><span style=\"font-family: Verdana; color: #ffffff;\">Material<\/span><\/strong><\/span><\/td>\n<td style=\"padding: 0px 7px; border-left: none; border-right-width: 1px; border-right-color: #ffffff; border-top-width: 1px; border-top-color: #ffffff; border-bottom-width: 1px; border-bottom-color: #ffffff; background: #4472c4; height: 34px; text-align: center; vertical-align: middle;\" valign=\"center\" width=\"150\"><span style=\"font-size: 12pt;\"><strong><span style=\"font-family: Verdana; color: #ffffff;\">Est\u00e1ndar<\/span><\/strong><\/span><\/td>\n<\/tr>\n<tr style=\"height: 20px;\">\n<td style=\"padding: 0px 7px; border-left-width: 1px; border-left-color: #ffffff; border-right-width: 1px; border-right-color: #ffffff; border-top: none; border-bottom-width: 1px; border-bottom-color: #ffffff; background: #b4c6e7; height: 34px; text-align: center; vertical-align: middle;\" valign=\"center\" width=\"56\"><span style=\"font-family: Verdana; font-size: 12pt;\">1<\/span><\/td>\n<td style=\"padding: 0px 7px; border-left: none; border-right-width: 1px; border-right-color: #ffffff; border-top: none; border-bottom-width: 1px; border-bottom-color: #ffffff; background: #d9e2f3; height: 34px; text-align: center; vertical-align: middle;\" valign=\"center\" width=\"195\"><span style=\"font-family: Verdana; font-size: 12pt;\">Tubo de brida<\/span><\/td>\n<td style=\"padding: 0px 7px; border-left: none; border-right-width: 1px; border-right-color: #ffffff; border-top: none; border-bottom-width: 1px; border-bottom-color: #ffffff; background: #d9e2f3; height: 34px; text-align: center; vertical-align: middle;\" valign=\"center\" width=\"187\"><span style=\"font-family: Verdana; font-size: 12pt;\">GGG50<\/span><\/td>\n<td style=\"padding: 0px 7px; border-left: none; border-right-width: 1px; border-right-color: #ffffff; border-top: none; border-bottom-width: 1px; border-bottom-color: #ffffff; background: #d9e2f3; height: 34px; text-align: center; vertical-align: middle;\" valign=\"center\" width=\"150\"><span style=\"font-family: Verdana; font-size: 12pt;\">EN1563<\/span><\/td>\n<\/tr>\n<tr style=\"height: 20px;\">\n<td style=\"padding: 0px 7px; border-left-width: 1px; border-left-color: #ffffff; border-right-width: 1px; border-right-color: #ffffff; border-top: none; border-bottom-width: 1px; border-bottom-color: #ffffff; background: #b4c6e7; height: 34px; text-align: center; vertical-align: middle;\" valign=\"center\" width=\"56\"><span style=\"font-family: Verdana; font-size: 12pt;\">2<\/span><\/td>\n<td style=\"padding: 0px 7px; border-left: none; border-right-width: 1px; border-right-color: #ffffff; border-top: none; border-bottom-width: 1px; border-bottom-color: #ffffff; background: #b4c6e7; height: 34px; text-align: center; vertical-align: middle;\" valign=\"center\" width=\"195\"><span style=\"font-family: Verdana; font-size: 12pt;\">Junta de goma<\/span><\/td>\n<td style=\"padding: 0px 7px; border-left: none; border-right-width: 1px; border-right-color: #ffffff; border-top: none; border-bottom-width: 1px; border-bottom-color: #ffffff; background: #b4c6e7; height: 34px; text-align: center; vertical-align: middle;\" valign=\"center\" width=\"187\"><span style=\"font-family: Verdana; font-size: 12pt;\">EPDM \/ SBR \/ NBR<\/span><\/td>\n<td style=\"padding: 0px 7px; border-left: none; border-right-width: 1px; border-right-color: #ffffff; border-top: none; border-bottom-width: 1px; border-bottom-color: #ffffff; background: #b4c6e7; height: 34px; text-align: center; vertical-align: middle;\" valign=\"center\" width=\"150\"><span style=\"font-family: Verdana; font-size: 12pt;\">ISO4633<\/span><\/td>\n<\/tr>\n<tr style=\"height: 20px;\">\n<td style=\"padding: 0px 7px; border-left-width: 1px; border-left-color: #ffffff; border-right-width: 1px; border-right-color: #ffffff; border-top: none; border-bottom-width: 1px; border-bottom-color: #ffffff; background: #b4c6e7; height: 34px; text-align: center; vertical-align: middle;\" valign=\"center\" width=\"56\"><span style=\"font-family: Verdana; font-size: 12pt;\">3<\/span><\/td>\n<td style=\"padding: 0px 7px; border-left: none; border-right-width: 1px; border-right-color: #ffffff; border-top: none; border-bottom-width: 1px; border-bottom-color: #ffffff; background: #d9e2f3; height: 34px; text-align: center; vertical-align: middle;\" valign=\"center\" width=\"195\"><span style=\"font-family: Verdana; font-size: 12pt;\">Brida de gl\u00e1ndula<\/span><\/td>\n<td style=\"padding: 0px 7px; border-left: none; border-right-width: 1px; border-right-color: #ffffff; border-top: none; border-bottom-width: 1px; border-bottom-color: #ffffff; background: #d9e2f3; height: 34px; text-align: center; vertical-align: middle;\" valign=\"center\" width=\"187\"><span style=\"font-family: Verdana; font-size: 12pt;\">GGG50<\/span><\/td>\n<td style=\"padding: 0px 7px; border-left: none; border-right-width: 1px; border-right-color: #ffffff; border-top: none; border-bottom-width: 1px; border-bottom-color: #ffffff; background: #d9e2f3; height: 34px; text-align: center; vertical-align: middle;\" valign=\"center\" width=\"150\"><span style=\"font-family: Verdana; font-size: 12pt;\">EN1563<\/span><\/td>\n<\/tr>\n<tr style=\"height: 25px;\">\n<td style=\"padding: 0px 7px; border-left-width: 1px; border-left-color: #ffffff; border-right-width: 1px; border-right-color: #ffffff; border-top: none; border-bottom-width: 1px; border-bottom-color: #ffffff; background: #b4c6e7; height: 34px; text-align: center; vertical-align: middle;\" valign=\"center\" width=\"56\"><span style=\"font-family: Verdana; font-size: 12pt;\">4<\/span><\/td>\n<td style=\"padding: 0px 7px; border-left: none; border-right-width: 1px; border-right-color: #ffffff; border-top: none; border-bottom-width: 1px; border-bottom-color: #ffffff; background: #b4c6e7; height: 34px; text-align: center; vertical-align: middle;\" valign=\"center\" width=\"195\"><span style=\"font-family: Verdana; font-size: 12pt;\">Pernos y tuercas<\/span><\/td>\n<td style=\"padding: 0px 7px; border-left: none; border-right-width: 1px; border-right-color: #ffffff; border-top: none; border-bottom-width: 1px; border-bottom-color: #ffffff; background: #b4c6e7; height: 34px; text-align: center; vertical-align: middle;\" valign=\"center\" width=\"187\"><span style=\"font-family: Verdana; font-size: 12pt;\">Acero al carbono 6.8\/8.8, SS, Dacromet<\/span><\/td>\n<td style=\"padding: 0px 7px; border-left: none; border-right-width: 1px; border-right-color: #ffffff; border-top: none; border-bottom-width: 1px; border-bottom-color: #ffffff; background: #b4c6e7; height: 34px; text-align: center; vertical-align: middle;\" valign=\"center\" width=\"150\"><span style=\"font-family: Verdana; font-size: 12pt;\">ISO898<\/span><\/td>\n<\/tr>\n<tr style=\"height: 20px;\">\n<td style=\"padding: 0px 7px; border-left-width: 1px; border-left-color: #ffffff; border-right-width: 1px; border-right-color: #ffffff; border-top: none; border-bottom-width: 1px; border-bottom-color: #ffffff; background: #b4c6e7; height: 34px; text-align: center; vertical-align: middle;\" valign=\"center\" width=\"56\"><span style=\"font-family: Verdana; font-size: 12pt;\">5<\/span><\/td>\n<td style=\"padding: 0px 7px; border-left: none; border-right-width: 1px; border-right-color: #ffffff; border-top: none; border-bottom-width: 1px; border-bottom-color: #ffffff; background: #d9e2f3; height: 34px; text-align: center; vertical-align: middle;\" valign=\"center\" width=\"195\"><span style=\"font-family: Verdana; font-size: 12pt;\">Capa de acabado<\/span><\/td>\n<td style=\"padding: 0px 7px; border-left: none; border-right-width: 1px; border-right-color: #ffffff; border-top: none; border-bottom-width: 1px; border-bottom-color: #ffffff; background: #d9e2f3; height: 34px; text-align: center; vertical-align: middle;\" valign=\"center\" width=\"187\"><span style=\"font-family: Verdana; font-size: 12pt;\">Fusi\u00f3n de fusi\u00f3n epoxi, etc.<\/span><\/td>\n<td style=\"padding: 0px 7px; border-left: none; border-right-width: 1px; border-right-color: #ffffff; border-top: none; border-bottom-width: 1px; border-bottom-color: #ffffff; background: #d9e2f3; height: 34px; text-align: center; vertical-align: middle;\" valign=\"center\" width=\"150\"><span style=\"font-family: Verdana; font-size: 12pt;\">EN14901<\/span><\/td>\n<\/tr>\n<\/tbody>\n<\/table>\n<p>&nbsp;<\/p>\n<table style=\"width: 100%;\" width=\"100%\" cellspacing=\"0\" cellpadding=\"0px 7px\">\n<tbody>\n<tr class=\"firstRow\" style=\"height: 20px;\">\n<td style=\"padding: 0px 7px; border-left-width: 1px; border-left-color: #ffffff; border-right: none; border-top-width: 1px; border-top-color: #ffffff; border-bottom: none; background: #4472c4; height: 34px; text-align: center; vertical-align: middle;\" colspan=\"2\" valign=\"center\" width=\"587\"><span style=\"font-size: 12pt;\"><strong><span style=\"font-family: Verdana; color: #ffffff;\">Resumen y caracter\u00edsticas<\/span><\/strong><\/span><\/td>\n<\/tr>\n<tr style=\"height: 20px;\">\n<td style=\"padding: 0px 7px; border-width: 1px; border-color: #ffffff; background: #b4c6e7; height: 34px; text-align: center; vertical-align: middle;\" valign=\"center\" width=\"56\"><span style=\"font-family: Verdana; font-size: 12pt;\">1<\/span><\/td>\n<td style=\"padding: 0px 7px; border-left: none; border-right-width: 1px; border-right-color: #ffffff; border-top-width: 1px; border-top-color: #ffffff; border-bottom-width: 1px; border-bottom-color: #ffffff; background: #d9e2f3; height: 34px; vertical-align: middle; text-align: left;\" valign=\"center\" width=\"531\"><span style=\"font-family: Verdana; font-size: 12pt;\">Adecuado para acero, hierro, tuber\u00edas de pl\u00e1stico, amplia gama de di\u00e1metros de tuber\u00eda.<\/span><\/td>\n<\/tr>\n<tr style=\"height: 20px;\">\n<td style=\"padding: 0px 7px; border-left-width: 1px; border-left-color: #ffffff; border-right-width: 1px; border-right-color: #ffffff; border-top: none; border-bottom-width: 1px; border-bottom-color: #ffffff; background: #b4c6e7; height: 34px; text-align: center; vertical-align: middle;\" valign=\"center\" width=\"56\"><span style=\"font-family: Verdana; font-size: 12pt;\">2<\/span><\/td>\n<td style=\"padding: 0px 7px; border-left: none; border-right-width: 1px; border-right-color: #ffffff; border-top: none; border-bottom-width: 1px; border-bottom-color: #ffffff; background: #b4c6e7; height: 34px; vertical-align: middle; text-align: left;\" valign=\"center\" width=\"531\"><span style=\"font-family: Verdana; font-size: 12pt;\">Presi\u00f3n de trabajo PN10\/PN16\/PN25.<\/span><\/td>\n<\/tr>\n<tr style=\"height: 20px;\">\n<td style=\"padding: 0px 7px; border-left-width: 1px; border-left-color: #ffffff; border-right-width: 1px; border-right-color: #ffffff; border-top: none; border-bottom-width: 1px; border-bottom-color: #ffffff; background: #b4c6e7; height: 34px; text-align: center; vertical-align: middle;\" valign=\"center\" width=\"56\"><span style=\"font-family: Verdana; font-size: 12pt;\">3<\/span><\/td>\n<td style=\"padding: 0px 7px; border-left: none; border-right-width: 1px; border-right-color: #ffffff; border-top: none; border-bottom-width: 1px; border-bottom-color: #ffffff; background: #d9e2f3; height: 34px; vertical-align: middle; text-align: left;\" valign=\"center\" width=\"531\"><span style=\"font-size: 12pt;\"><span style=\"font-family: Verdana;\">Temperatura m\u00e1xima<\/span><span style=\"font-family: Verdana;\">\u00a0-10 \u00b0 C a+70 \u00b0 C.<\/span><\/span><\/td>\n<\/tr>\n<tr style=\"height: 28px;\">\n<td style=\"padding: 0px 7px; border-left-width: 1px; border-left-color: #ffffff; border-right-width: 1px; border-right-color: #ffffff; border-top: none; border-bottom-width: 1px; border-bottom-color: #ffffff; background: #b4c6e7; height: 34px; text-align: center; vertical-align: middle;\" valign=\"center\" width=\"56\"><span style=\"font-family: Verdana; font-size: 12pt;\">4<\/span><\/td>\n<td style=\"padding: 0px 7px; border-left: none; border-right-width: 1px; border-right-color: #ffffff; border-top: none; border-bottom-width: 1px; border-bottom-color: #ffffff; background: #b4c6e7; height: 34px; vertical-align: middle; text-align: left;\" valign=\"center\" width=\"531\"><span style=\"font-size: 12pt;\"><span style=\"font-family: Verdana;\">Apto para <\/span><span style=\"font-family: Verdana;\">potable<\/span><span style=\"font-family: Verdana;\">\u00a0Agua (aprobado por WRAS), l\u00edquidos neutros y aguas residuales.<\/span><\/span><\/td>\n<\/tr>\n<tr style=\"height: 20px;\">\n<td style=\"padding: 0px 7px; background: #b4c6e7; height: 34px; text-align: center; vertical-align: middle; border-color: #ffffff;\" valign=\"center\" width=\"56\"><span style=\"font-family: Verdana; font-size: 12pt;\">5<\/span><\/td>\n<td style=\"padding: 0px 7px; border-left-width: 1px; border-right-width: 1px; border-top: none #ffffff; border-bottom-width: 1px; background: #d9e2f3; height: 34px; vertical-align: middle; text-align: left; border-right-color: #ffffff; border-bottom-color: #ffffff; border-left-color: #ffffff;\" valign=\"center\" width=\"531\"><span style=\"font-family: Verdana; font-size: 12pt;\">La desviaci\u00f3n del \u00e1ngulo total es +\/- 6 grados.<\/span><\/td>\n<\/tr>\n<\/tbody>\n<\/table>\n<p>&nbsp;<\/p>\n<table style=\"width: 100%;\" width=\"100%\" cellspacing=\"0\" cellpadding=\"0px 7px\">\n<tbody>\n<tr class=\"firstRow\" style=\"height: 20px;\">\n<td style=\"padding: 0px 7px; border-left-width: 1px; border-left-color: #ffffff; border-right: none; border-top-width: 1px; border-top-color: #ffffff; border-bottom: none; background: #4472c4; height: 34px; text-align: center; vertical-align: middle;\" colspan=\"2\" valign=\"center\" width=\"587\"><span style=\"font-size: 12pt;\"><strong><span style=\"font-family: Verdana; color: #ffffff;\">Cumplimiento de est\u00e1ndar<\/span><\/strong><\/span><\/td>\n<\/tr>\n<tr style=\"height: 20px;\">\n<td style=\"padding: 0px 7px; border-width: 1px; border-color: #ffffff; background: #d9e1f2; height: 34px; text-align: center; vertical-align: middle;\" valign=\"center\" width=\"302\">\n<p style=\";text-align: center; vertical-align: middle;\"><span style=\"font-family: Verdana; font-size: 12pt;\">Perforaci\u00f3n de brida<\/span><\/p>\n<\/td>\n<td style=\"padding: 0px 7px; border-left: none; border-right-width: 1px; border-right-color: #ffffff; border-top-width: 1px; border-top-color: #ffffff; border-bottom-width: 1px; border-bottom-color: #ffffff; background: #d9e1f2; height: 34px; text-align: center; vertical-align: middle;\" valign=\"center\" width=\"285\"><span style=\"font-family: Verdana; font-size: 12pt;\">EN1092-2, EN1092-1, ANSI<\/span><\/td>\n<\/tr>\n<tr style=\"height: 20px;\">\n<td style=\"padding: 0px 7px; border-left-width: 1px; border-left-color: #ffffff; border-right-width: 1px; border-right-color: #ffffff; border-top: none; border-bottom-width: 1px; border-bottom-color: #ffffff; background: #b4c6e7; height: 34px; text-align: center; vertical-align: middle;\" valign=\"center\" width=\"302\"><span style=\"font-family: Verdana; font-size: 12pt;\">Revestimiento<\/span><\/td>\n<td style=\"padding: 0px 7px; border-left: none; border-right-width: 1px; border-right-color: #ffffff; border-top: none; border-bottom-width: 1px; border-bottom-color: #ffffff; background: #b4c6e7; height: 34px; text-align: center; vertical-align: middle;\" valign=\"center\" width=\"285\"><span style=\"font-family: Verdana; font-size: 12pt;\">EN30677<\/span><\/td>\n<\/tr>\n<tr style=\"height: 20px;\">\n<td style=\"padding: 0px 7px; border-left-width: 1px; border-left-color: #ffffff; border-right-width: 1px; border-right-color: #ffffff; border-top: none; border-bottom-width: 1px; border-bottom-color: #ffffff; background: #d9e1f2; height: 34px; text-align: center; vertical-align: middle;\" valign=\"center\" width=\"302\"><span style=\"font-family: Verdana; font-size: 12pt;\">Prueba<\/span><\/td>\n<td style=\"padding: 0px 7px; border-left: none; border-right-width: 1px; border-right-color: #ffffff; border-top: none; border-bottom-width: 1px; border-bottom-color: #ffffff; background: #d9e1f2; height: 34px; text-align: center; vertical-align: middle;\" valign=\"center\" width=\"285\"><span style=\"font-family: Verdana; font-size: 12pt;\">EN12266-1<\/span><\/td>\n<\/tr>\n<\/tbody>\n<\/table>","protected":false},"excerpt":{"rendered":"<p>El adaptador de brida universal representa la \u00faltima tecnolog\u00eda de acoplamiento mec\u00e1nica para conectar una tuber\u00eda de di\u00e1metro de variedad para ahorrar el tiempo de instalaci\u00f3n, instalar f\u00e1cilmente y eliminar convenientemente.<\/p>\n<p>El dise\u00f1o especial es permitido, bienvenido para contactarnos.<\/p>","protected":false},"featured_media":1945,"comment_status":"open","ping_status":"closed","template":"","meta":{"_acf_changed":false},"product_brand":[],"product_cat":[64],"product_tag":[],"class_list":{"0":"post-205","1":"product","2":"type-product","3":"status-publish","4":"has-post-thumbnail","6":"product_cat-flange-adaptor","8":"first","9":"instock","10":"shipping-taxable","11":"product-type-simple"},"acf":[],"_links":{"self":[{"href":"https:\/\/www.connectionflexible.com\/es\/wp-json\/wp\/v2\/product\/205","targetHints":{"allow":["GET"]}}],"collection":[{"href":"https:\/\/www.connectionflexible.com\/es\/wp-json\/wp\/v2\/product"}],"about":[{"href":"https:\/\/www.connectionflexible.com\/es\/wp-json\/wp\/v2\/types\/product"}],"replies":[{"embeddable":true,"href":"https:\/\/www.connectionflexible.com\/es\/wp-json\/wp\/v2\/comments?post=205"}],"wp:featuredmedia":[{"embeddable":true,"href":"https:\/\/www.connectionflexible.com\/es\/wp-json\/wp\/v2\/media\/1945"}],"wp:attachment":[{"href":"https:\/\/www.connectionflexible.com\/es\/wp-json\/wp\/v2\/media?parent=205"}],"wp:term":[{"taxonomy":"product_brand","embeddable":true,"href":"https:\/\/www.connectionflexible.com\/es\/wp-json\/wp\/v2\/product_brand?post=205"},{"taxonomy":"product_cat","embeddable":true,"href":"https:\/\/www.connectionflexible.com\/es\/wp-json\/wp\/v2\/product_cat?post=205"},{"taxonomy":"product_tag","embeddable":true,"href":"https:\/\/www.connectionflexible.com\/es\/wp-json\/wp\/v2\/product_tag?post=205"}],"curies":[{"name":"WP","href":"https:\/\/api.w.org\/{rel}","templated":true}]}}