{"id":2427,"date":"2024-08-28T10:19:21","date_gmt":"2024-08-28T02:19:21","guid":{"rendered":"http:\/\/www.connectionflexible.com\/?post_type=product&#038;p=2427"},"modified":"2024-09-13T11:48:28","modified_gmt":"2024-09-13T03:48:28","slug":"abrazadera-para-tubo-de-polietileno-de-alta-densidad","status":"publish","type":"product","link":"https:\/\/www.connectionflexible.com\/es\/product\/saddle-clamp-for-hdpe-pipe\/","title":{"rendered":"Abrazadera de sill\u00edn para tuber\u00eda HDPE"},"content":{"rendered":"<table style=\"width: 100%; height: 144px;\" width=\"100%\" cellspacing=\"0\" cellpadding=\"0px 7px\">\n<tbody>\n<tr class=\"firstRow\" style=\"height: 20px;\">\n<td style=\"padding: 0px 7px; border-width: 1px; border-color: #ffffff; background: #4472c4; text-align: center; vertical-align: middle; height: 36px;\" valign=\"center\" width=\"69\"><span style=\"color: #ffffff; font-size: 12pt;\"><strong><span style=\"font-family: Verdana;\">No.<\/span><\/strong><\/span><\/td>\n<td style=\"padding: 0px 7px; border-left: none; border-right-width: 1px; border-right-color: #ffffff; border-top-width: 1px; border-top-color: #ffffff; border-bottom-width: 1px; border-bottom-color: #ffffff; background: #4472c4; text-align: center; vertical-align: middle; height: 36px;\" valign=\"center\" width=\"227\"><span style=\"color: #ffffff; font-size: 12pt;\"><strong><span style=\"font-family: Verdana;\">Nombre de parte<\/span><\/strong><\/span><\/td>\n<td style=\"padding: 0px 7px; border-left: none; border-right-width: 1px; border-right-color: #ffffff; border-top-width: 1px; border-top-color: #ffffff; border-bottom-width: 1px; border-bottom-color: #ffffff; background: #4472c4; text-align: center; vertical-align: middle; height: 36px;\" valign=\"center\" width=\"186\"><span style=\"color: #ffffff; font-size: 12pt;\"><strong><span style=\"font-family: Verdana;\">Material<\/span><\/strong><\/span><\/td>\n<td style=\"padding: 0px 7px; border-left: none; border-right-width: 1px; border-right-color: #ffffff; border-top-width: 1px; border-top-color: #ffffff; border-bottom-width: 1px; border-bottom-color: #ffffff; background: #4472c4; text-align: center; vertical-align: middle; height: 36px;\" valign=\"center\" width=\"205\"><span style=\"color: #ffffff; font-size: 12pt;\"><strong><span style=\"font-family: Verdana;\">Est\u00e1ndar<\/span><\/strong><\/span><\/td>\n<\/tr>\n<tr style=\"height: 20px;\">\n<td style=\"padding: 0px 7px; border-left-width: 1px; border-left-color: #ffffff; border-right-width: 1px; border-right-color: #ffffff; border-top: none; border-bottom-width: 1px; border-bottom-color: #ffffff; background: #b4c6e7; text-align: center; vertical-align: middle; height: 36px;\" valign=\"center\" width=\"69\"><span style=\"font-family: Verdana; font-size: 12pt; color: #000000;\">1<\/span><\/td>\n<td style=\"padding: 0px 7px; border-left: none; border-right-width: 1px; border-right-color: #ffffff; border-top: none; border-bottom-width: 1px; border-bottom-color: #ffffff; background: #d9e2f3; text-align: center; vertical-align: middle; height: 36px;\" valign=\"center\" width=\"227\"><span style=\"font-family: Verdana; font-size: 12pt; color: #000000;\">Cuerpo<\/span><\/td>\n<td style=\"padding: 0px 7px; border-left: none; border-right-width: 1px; border-right-color: #ffffff; border-top: none; border-bottom-width: 1px; border-bottom-color: #ffffff; background: #d9e2f3; text-align: center; vertical-align: middle; height: 36px;\" valign=\"center\" width=\"186\"><span style=\"font-family: Verdana; font-size: 12pt; color: #000000;\">GGG50<\/span><\/td>\n<td style=\"padding: 0px 7px; border-left: none; border-right-width: 1px; border-right-color: #ffffff; border-top: none; border-bottom-width: 1px; border-bottom-color: #ffffff; background: #d9e2f3; text-align: center; vertical-align: middle; height: 36px;\" valign=\"center\" width=\"205\"><span style=\"font-family: Verdana; font-size: 12pt; color: #000000;\">EN1563<\/span><\/td>\n<\/tr>\n<tr style=\"height: 20px;\">\n<td style=\"padding: 0px 7px; border-left-width: 1px; border-left-color: #ffffff; border-right-width: 1px; border-right-color: #ffffff; border-top: none; border-bottom-width: 1px; border-bottom-color: #ffffff; background: #b4c6e7; text-align: center; vertical-align: middle; height: 36px;\" valign=\"center\" width=\"69\"><span style=\"font-family: Verdana; font-size: 12pt; color: #000000;\">2<\/span><\/td>\n<td style=\"padding: 0px 7px; border-left: none; border-right-width: 1px; border-right-color: #ffffff; border-top: none; border-bottom-width: 1px; border-bottom-color: #ffffff; background: #b4c6e7; text-align: center; vertical-align: middle; height: 36px;\" valign=\"center\" width=\"227\"><span style=\"font-family: Verdana; font-size: 12pt; color: #000000;\">Brida de gl\u00e1ndula<\/span><\/td>\n<td style=\"padding: 0px 7px; border-left: none; border-right-width: 1px; border-right-color: #ffffff; border-top: none; border-bottom-width: 1px; border-bottom-color: #ffffff; background: #b4c6e7; text-align: center; vertical-align: middle; height: 36px;\" valign=\"center\" width=\"186\"><span style=\"font-family: Verdana; font-size: 12pt; color: #000000;\">GGG50<\/span><\/td>\n<td style=\"padding: 0px 7px; border-left: none; border-right-width: 1px; border-right-color: #ffffff; border-top: none; border-bottom-width: 1px; border-bottom-color: #ffffff; background: #b4c6e7; text-align: center; vertical-align: middle; height: 36px;\" valign=\"center\" width=\"205\"><span style=\"font-family: Verdana; font-size: 12pt; color: #000000;\">ISO4633<\/span><\/td>\n<\/tr>\n<tr style=\"height: 20px;\">\n<td style=\"padding: 0px 7px; border-left-width: 1px; border-left-color: #ffffff; border-right-width: 1px; border-right-color: #ffffff; border-top: none; border-bottom-width: 1px; border-bottom-color: #ffffff; background: #b4c6e7; text-align: center; vertical-align: middle; height: 36px;\" valign=\"center\" width=\"69\"><span style=\"font-family: Verdana; font-size: 12pt; color: #000000;\">3<\/span><\/td>\n<td style=\"padding: 0px 7px; border-left: none; border-right-width: 1px; border-right-color: #ffffff; border-top: none; border-bottom-width: 1px; border-bottom-color: #ffffff; background: #d9e2f3; text-align: center; vertical-align: middle; height: 36px;\" valign=\"center\" width=\"227\"><span style=\"font-family: Verdana; font-size: 12pt; color: #000000;\">Junta de goma<\/span><\/td>\n<td style=\"padding: 0px 7px; border-left: none; border-right: none; border-top: none; border-bottom-width: 1px; border-bottom-color: #ffffff; background: #d9e2f3; text-align: center; vertical-align: middle; height: 36px;\" valign=\"center\" width=\"186\"><span style=\"font-family: Verdana; font-size: 12pt; color: #000000;\">EPDM \/ SBR \/ NBR<\/span><\/td>\n<td style=\"padding: 0px 7px; border-left-width: 1px; border-left-color: #ffffff; border-right-width: 1px; border-right-color: #ffffff; border-top: none; border-bottom-width: 1px; border-bottom-color: #ffffff; background: #d9e2f3; text-align: center; vertical-align: middle; height: 36px;\" valign=\"center\" width=\"205\"><span style=\"font-family: Verdana; font-size: 12pt; color: #000000;\">EN1563<\/span><\/td>\n<\/tr>\n<tr style=\"height: 24px;\">\n<td style=\"padding: 0px 7px; border-left-width: 1px; border-left-color: #ffffff; border-right-width: 1px; border-right-color: #ffffff; border-top: none; border-bottom-width: 1px; border-bottom-color: #ffffff; background: #b4c6e7; text-align: center; vertical-align: middle; height: 36px;\" valign=\"center\" width=\"69\"><span style=\"font-family: Verdana; font-size: 12pt; color: #000000;\">4<\/span><\/td>\n<td style=\"padding: 0px 7px; border-left: none; border-right-width: 1px; border-right-color: #ffffff; border-top: none; border-bottom-width: 1px; border-bottom-color: #ffffff; background: #b4c6e7; text-align: center; vertical-align: middle; height: 36px;\" valign=\"center\" width=\"227\"><span style=\"font-family: Verdana; font-size: 12pt; color: #000000;\">Pernos y tuercas<\/span><\/td>\n<td style=\"padding: 0px 7px; border-left: none; border-right-width: 1px; border-right-color: #ffffff; border-top: none; border-bottom-width: 1px; border-bottom-color: #ffffff; background: #b4c6e7; text-align: center; vertical-align: middle; height: 36px;\" valign=\"center\" width=\"186\"><span style=\"font-family: Verdana; font-size: 12pt; color: #000000;\">Acero al carbono 4.8\/8.8, SS, Dacromet<\/span><\/td>\n<td style=\"padding: 0px 7px; border-left: none; border-right-width: 1px; border-right-color: #ffffff; border-top: none; border-bottom-width: 1px; border-bottom-color: #ffffff; background: #b4c6e7; text-align: center; vertical-align: middle; height: 36px;\" valign=\"center\" width=\"205\"><span style=\"font-family: Verdana; font-size: 12pt; color: #000000;\">ISO898<\/span><\/td>\n<\/tr>\n<tr style=\"height: 20px;\">\n<td style=\"padding: 0px 7px; border-left-width: 1px; border-left-color: #ffffff; border-right-width: 1px; border-right-color: #ffffff; border-top: none; border-bottom-width: 1px; border-bottom-color: #ffffff; background: #b4c6e7; text-align: center; vertical-align: middle; height: 36px;\" valign=\"center\" width=\"69\"><span style=\"font-family: Verdana; font-size: 12pt; color: #000000;\">5<\/span><\/td>\n<td style=\"padding: 0px 7px; border-left: none; border-right-width: 1px; border-right-color: #ffffff; border-top: none; border-bottom-width: 1px; border-bottom-color: #ffffff; background: #d9e2f3; text-align: center; vertical-align: middle; height: 36px;\" valign=\"center\" width=\"227\"><span style=\"font-family: Verdana; font-size: 12pt; color: #000000;\">Capa de acabado<\/span><\/td>\n<td style=\"padding: 0px 7px; border-left: none; border-right-width: 1px; border-right-color: #ffffff; border-top: none; border-bottom-width: 1px; border-bottom-color: #ffffff; background: #d9e2f3; text-align: center; vertical-align: middle; height: 36px;\" valign=\"center\" width=\"186\"><span style=\"font-family: Verdana; font-size: 12pt; color: #000000;\">Fusi\u00f3n de fusi\u00f3n epoxi, etc.<\/span><\/td>\n<td style=\"padding: 0px 7px; border-left: none; border-right-width: 1px; border-right-color: #ffffff; border-top: none; border-bottom-width: 1px; border-bottom-color: #ffffff; background: #d9e2f3; text-align: center; vertical-align: middle; height: 36px;\" valign=\"center\" width=\"205\"><span style=\"font-family: Verdana; font-size: 12pt; color: #000000;\">BS EN14901<\/span><\/td>\n<\/tr>\n<\/tbody>\n<\/table>\n<p><span style=\"font-family: \u5b8b\u4f53; font-size: 12pt; color: #000000;\">\u00a0<\/span><\/p>\n<table style=\"width: 100%;\" width=\"100%\" cellspacing=\"0\" cellpadding=\"0px 7px\">\n<tbody>\n<tr class=\"firstRow\" style=\"height: 20px;\">\n<td style=\"padding: 0px 7px; border-left-width: 1px; border-left-color: #ffffff; border-right: none; border-top-width: 1px; border-top-color: #ffffff; border-bottom: none; background: #4472c4; text-align: center; vertical-align: middle; height: 36px;\" colspan=\"2\" valign=\"center\" width=\"611\"><span style=\"color: #ffffff; font-size: 12pt;\"><strong><span style=\"font-family: Verdana;\">Resumen y caracter\u00edsticas<\/span><\/strong><\/span><\/td>\n<\/tr>\n<tr style=\"height: 20px;\">\n<td style=\"padding: 0px 7px; border-width: 1px; border-color: #ffffff; background: #b4c6e7; text-align: center; vertical-align: middle; height: 36px;\" valign=\"center\" width=\"69\"><span style=\"font-family: Verdana; font-size: 12pt; color: #000000;\">1<\/span><\/td>\n<td style=\"padding: 0px 7px; border-left: none; border-right-width: 1px; border-right-color: #ffffff; border-top-width: 1px; border-top-color: #ffffff; border-bottom-width: 1px; border-bottom-color: #ffffff; background: #d9e2f3; vertical-align: middle; height: 36px;\" valign=\"center\" width=\"542\"><span style=\"font-family: Verdana; font-size: 12pt; color: #000000;\">Adecuado para tuber\u00edas de PVC.<\/span><\/td>\n<\/tr>\n<tr style=\"height: 20px;\">\n<td style=\"padding: 0px 7px; border-left-width: 1px; border-left-color: #ffffff; border-right-width: 1px; border-right-color: #ffffff; border-top: none; border-bottom-width: 1px; border-bottom-color: #ffffff; background: #b4c6e7; text-align: center; vertical-align: middle; height: 36px;\" valign=\"center\" width=\"69\"><span style=\"font-family: Verdana; font-size: 12pt; color: #000000;\">2<\/span><\/td>\n<td style=\"padding: 0px 7px; border-left: none; border-right-width: 1px; border-right-color: #ffffff; border-top: none; border-bottom-width: 1px; border-bottom-color: #ffffff; background: #b4c6e7; vertical-align: middle; height: 36px;\" valign=\"center\" width=\"542\"><span style=\"font-family: Verdana; font-size: 12pt; color: #000000;\">Presi\u00f3n de trabajo PN10\/PN16.<\/span><\/td>\n<\/tr>\n<tr style=\"height: 20px;\">\n<td style=\"padding: 0px 7px; border-left-width: 1px; border-left-color: #ffffff; border-right-width: 1px; border-right-color: #ffffff; border-top: none; border-bottom-width: 1px; border-bottom-color: #ffffff; background: #b4c6e7; text-align: center; vertical-align: middle; height: 36px;\" valign=\"center\" width=\"69\"><span style=\"font-family: Verdana; font-size: 12pt; color: #000000;\">3<\/span><\/td>\n<td style=\"padding: 0px 7px; border-left: none; border-right-width: 1px; border-right-color: #ffffff; border-top: none; border-bottom-width: 1px; border-bottom-color: #ffffff; background: #d9e2f3; vertical-align: middle; height: 36px;\" valign=\"center\" width=\"542\"><span style=\"font-family: Verdana; font-size: 12pt; color: #000000;\">Temperatura m\u00e1xima -10 \u00b0 C a+70 \u00b0 C.<\/span><\/td>\n<\/tr>\n<tr style=\"height: 27px;\">\n<td style=\"padding: 0px 7px; border-left-width: 1px; border-left-color: #ffffff; border-right-width: 1px; border-right-color: #ffffff; border-top: none; border-bottom-width: 1px; border-bottom-color: #ffffff; background: #b4c6e7; text-align: center; vertical-align: middle; height: 36px;\" valign=\"center\" width=\"69\"><span style=\"font-family: Verdana; font-size: 12pt; color: #000000;\">4<\/span><\/td>\n<td style=\"padding: 0px 7px; border-left: none; border-right-width: 1px; border-right-color: #ffffff; border-top: none; border-bottom-width: 1px; border-bottom-color: #ffffff; background: #b4c6e7; vertical-align: middle; height: 36px;\" valign=\"center\" width=\"542\"><span style=\"font-family: Verdana; font-size: 12pt; color: #000000;\">Adecuado para agua potable (aprobado por WRAS), agua reciclada y aguas residuales.<\/span><\/td>\n<\/tr>\n<tr style=\"height: 20px;\">\n<td style=\"padding: 0px 7px; background: #b4c6e7; text-align: center; vertical-align: middle; height: 36px;\" valign=\"center\" width=\"69\"><span style=\"font-family: Verdana; font-size: 12pt; color: #000000;\">5<\/span><\/td>\n<td style=\"padding: 0px 7px; border-left-width: 1px; border-left-color: #ffffff; border-right-width: 1px; border-right-color: #ffffff; border-top: none; border-bottom-width: 1px; border-bottom-color: #ffffff; background: #d9e2f3; vertical-align: middle; height: 36px;\" valign=\"center\" width=\"542\"><span style=\"font-family: Verdana; font-size: 12pt; color: #000000;\">La desviaci\u00f3n del \u00e1ngulo total es +\/- 3 grados.<\/span><\/td>\n<\/tr>\n<\/tbody>\n<\/table>\n<p><span style=\"font-family: \u5b8b\u4f53; font-size: 12pt; color: #000000;\">\u00a0<\/span><\/p>\n<table style=\"width: 100%;\" width=\"100%\" cellspacing=\"0\" cellpadding=\"0px 7px\">\n<tbody>\n<tr class=\"firstRow\" style=\"height: 20px;\">\n<td style=\"padding: 0px 7px; border-left-width: 1px; border-left-color: #ffffff; border-right: none; border-top-width: 1px; border-top-color: #ffffff; border-bottom: none; background: #4472c4; text-align: center; vertical-align: middle; height: 36px;\" colspan=\"2\" valign=\"center\" width=\"611\"><span style=\"color: #ffffff; font-size: 12pt;\"><strong><span style=\"font-family: Verdana;\">Cumplimiento de est\u00e1ndar<\/span><\/strong><\/span><\/td>\n<\/tr>\n<tr style=\"height: 20px;\">\n<td style=\"padding: 0px 7px; border-width: 1px; border-color: #ffffff; background: #d9e1f2; text-align: center; vertical-align: middle; height: 36px;\" valign=\"center\" width=\"357\"><span style=\"font-family: Verdana; font-size: 12pt; color: #000000;\">Perforaci\u00f3n de brida<\/span><\/td>\n<td style=\"padding: 0px 7px; border-left: none; border-right: none; border-top-width: 1px; border-top-color: #ffffff; border-bottom-width: 1px; border-bottom-color: #ffffff; background: #d9e1f2; text-align: center; vertical-align: middle; height: 36px;\" valign=\"center\" width=\"254\"><span style=\"font-family: Verdana; font-size: 12pt; color: #000000;\">EN1092-2, EN1092-1, ANSI<\/span><\/td>\n<\/tr>\n<tr style=\"height: 20px;\">\n<td style=\"padding: 0px 7px; border-left-width: 1px; border-left-color: #ffffff; border-right-width: 1px; border-right-color: #ffffff; border-top: none; border-bottom-width: 1px; border-bottom-color: #ffffff; background: #b4c6e7; text-align: center; vertical-align: middle; height: 36px;\" valign=\"center\" width=\"357\"><span style=\"font-family: Verdana; font-size: 12pt; color: #000000;\">Revestimiento<\/span><\/td>\n<td style=\"padding: 0px 7px; border-left: none; border-right-width: 1px; border-right-color: #ffffff; border-top: none; border-bottom-width: 1px; border-bottom-color: #ffffff; background: #b4c6e7; text-align: center; vertical-align: middle; height: 36px;\" valign=\"center\" width=\"254\"><span style=\"font-family: Verdana; font-size: 12pt; color: #000000;\">EN30677<\/span><\/td>\n<\/tr>\n<tr style=\"height: 20px;\">\n<td style=\"padding: 0px 7px; border-left-width: 1px; border-left-color: #ffffff; border-right-width: 1px; border-right-color: #ffffff; border-top: none; border-bottom-width: 1px; border-bottom-color: #ffffff; background: #d9e1f2; text-align: center; vertical-align: middle; height: 36px;\" valign=\"center\" width=\"357\"><span style=\"font-family: Verdana; font-size: 12pt; color: #000000;\">Prueba<\/span><\/td>\n<td style=\"padding: 0px 7px; border-left: none; border-right-width: 1px; border-right-color: #ffffff; border-top: none; border-bottom-width: 1px; border-bottom-color: #ffffff; background: #d9e1f2; text-align: center; vertical-align: middle; height: 36px;\" valign=\"center\" width=\"254\"><span style=\"font-family: Verdana; font-size: 12pt; color: #000000;\">EN12266-1<\/span><\/td>\n<\/tr>\n<\/tbody>\n<\/table>","protected":false},"excerpt":{"rendered":"<p>La funci\u00f3n principal de este producto es abrir una tuber\u00eda de rama o instalar el grifo o el medidor de agua en cualquier parte de la tuber\u00eda temporalmente despu\u00e9s de la finalizaci\u00f3n de la instalaci\u00f3n de toda la tuber\u00eda y ya en funcionamiento.<\/p>\n<p>El dise\u00f1o especial es permitido, bienvenido al contacto.<\/p>","protected":false},"featured_media":2588,"comment_status":"open","ping_status":"closed","template":"","meta":{"_acf_changed":false},"product_brand":[],"product_cat":[47],"product_tag":[],"class_list":{"0":"post-2427","1":"product","2":"type-product","3":"status-publish","4":"has-post-thumbnail","6":"product_cat-saddle-clamp","8":"first","9":"instock","10":"shipping-taxable","11":"product-type-simple"},"acf":[],"_links":{"self":[{"href":"https:\/\/www.connectionflexible.com\/es\/wp-json\/wp\/v2\/product\/2427","targetHints":{"allow":["GET"]}}],"collection":[{"href":"https:\/\/www.connectionflexible.com\/es\/wp-json\/wp\/v2\/product"}],"about":[{"href":"https:\/\/www.connectionflexible.com\/es\/wp-json\/wp\/v2\/types\/product"}],"replies":[{"embeddable":true,"href":"https:\/\/www.connectionflexible.com\/es\/wp-json\/wp\/v2\/comments?post=2427"}],"wp:featuredmedia":[{"embeddable":true,"href":"https:\/\/www.connectionflexible.com\/es\/wp-json\/wp\/v2\/media\/2588"}],"wp:attachment":[{"href":"https:\/\/www.connectionflexible.com\/es\/wp-json\/wp\/v2\/media?parent=2427"}],"wp:term":[{"taxonomy":"product_brand","embeddable":true,"href":"https:\/\/www.connectionflexible.com\/es\/wp-json\/wp\/v2\/product_brand?post=2427"},{"taxonomy":"product_cat","embeddable":true,"href":"https:\/\/www.connectionflexible.com\/es\/wp-json\/wp\/v2\/product_cat?post=2427"},{"taxonomy":"product_tag","embeddable":true,"href":"https:\/\/www.connectionflexible.com\/es\/wp-json\/wp\/v2\/product_tag?post=2427"}],"curies":[{"name":"WP","href":"https:\/\/api.w.org\/{rel}","templated":true}]}}