{"id":2433,"date":"2024-08-28T10:34:48","date_gmt":"2024-08-28T02:34:48","guid":{"rendered":"http:\/\/www.connectionflexible.com\/?post_type=product&#038;p=2433"},"modified":"2024-09-18T12:20:59","modified_gmt":"2024-09-18T04:20:59","slug":"acero-inoxidable-connect-repair-clamp-fce","status":"publish","type":"product","link":"https:\/\/www.connectionflexible.com\/es\/product\/stainless-steel-connect-repair-clamp-fce\/","title":{"rendered":"Cerrar la abrazadera de reparaci\u00f3n de conexi\u00f3n de acero inoxidable FCE"},"content":{"rendered":"<table style=\"width: 100%;\" width=\"100%\" cellspacing=\"0\" cellpadding=\"0px 7px\">\n<tbody>\n<tr class=\"firstRow\" style=\"height: 20px;\">\n<td style=\"padding: 0px 7px; border-width: 1px; border-color: #ffffff; background: #4472c4; text-align: center; vertical-align: middle; height: 36px;\" valign=\"center\" width=\"104\"><span style=\"color: #ffffff; font-size: 12pt;\"><strong><span style=\"font-family: Verdana;\">No.<\/span><\/strong><\/span><\/td>\n<td style=\"padding: 0px 7px; border-left: none; border-right-width: 1px; border-right-color: #ffffff; border-top-width: 1px; border-top-color: #ffffff; border-bottom-width: 1px; border-bottom-color: #ffffff; background: #4472c4; text-align: center; vertical-align: middle;\" valign=\"center\" width=\"360\"><span style=\"color: #ffffff; font-size: 12pt;\"><strong><span style=\"font-family: Verdana;\">Nombre de parte<\/span><\/strong><\/span><\/td>\n<td style=\"padding: 0px 7px; border-left: none; border-right-width: 1px; border-right-color: #ffffff; border-top-width: 1px; border-top-color: #ffffff; border-bottom-width: 1px; border-bottom-color: #ffffff; background: #4472c4; text-align: center; vertical-align: middle;\" valign=\"center\" width=\"243\"><span style=\"color: #ffffff; font-size: 12pt;\"><strong><span style=\"font-family: Verdana;\">Material<\/span><\/strong><\/span><\/td>\n<td style=\"padding: 0px 7px; border-left: none; border-right-width: 1px; border-right-color: #ffffff; border-top-width: 1px; border-top-color: #ffffff; border-bottom-width: 1px; border-bottom-color: #ffffff; background: #4472c4; text-align: center; vertical-align: middle;\" valign=\"center\" width=\"108\"><span style=\"color: #ffffff; font-size: 12pt;\"><strong><span style=\"font-family: Verdana;\">Est\u00e1ndar<\/span><\/strong><\/span><\/td>\n<\/tr>\n<tr style=\"height: 20px;\">\n<td style=\"padding: 0px 7px; border-left-width: 1px; border-left-color: #ffffff; border-right-width: 1px; border-right-color: #ffffff; border-top: none; border-bottom-width: 1px; border-bottom-color: #ffffff; background: #b4c6e7; text-align: center; vertical-align: middle; height: 36px;\" valign=\"center\" width=\"104\"><span style=\"font-family: Verdana; font-size: 12pt; color: #000000;\">1<\/span><\/td>\n<td style=\"padding: 0px 7px; border-left: none; border-right-width: 1px; border-right-color: #ffffff; border-top: none; border-bottom-width: 1px; border-bottom-color: #ffffff; background: #d9e2f3; text-align: center; vertical-align: middle;\" valign=\"center\" width=\"360\"><span style=\"font-family: Verdana; font-size: 12pt; color: #000000;\">Espaldar<\/span><\/td>\n<td style=\"padding: 0px 7px; border-left: none; border-right-width: 1px; border-right-color: #ffffff; border-top: none; border-bottom-width: 1px; border-bottom-color: #ffffff; background: #d9e2f3; text-align: center; vertical-align: middle;\" valign=\"center\" width=\"243\"><span style=\"font-family: Verdana; font-size: 12pt; color: #000000;\">SS304<\/span><\/td>\n<td style=\"padding: 0px 7px; border-left: none; border-right-width: 1px; border-right-color: #ffffff; border-top: none; border-bottom-width: 1px; border-bottom-color: #ffffff; background: #d9e2f3; text-align: center; vertical-align: middle;\" valign=\"center\" width=\"108\"><span style=\"font-family: Verdana; font-size: 12pt; color: #000000;\">AS4181-2013<\/span><\/td>\n<\/tr>\n<tr style=\"height: 20px;\">\n<td style=\"padding: 0px 7px; border-left-width: 1px; border-left-color: #ffffff; border-right-width: 1px; border-right-color: #ffffff; border-top: none; border-bottom-width: 1px; border-bottom-color: #ffffff; background: #b4c6e7; text-align: center; vertical-align: middle; height: 36px;\" valign=\"center\" width=\"104\"><span style=\"font-family: Verdana; font-size: 12pt; color: #000000;\">2<span style=\"font-family: \u7b49\u7ebf;\">\u3001<\/span><span style=\"font-family: Verdana;\">3<\/span><\/span><\/td>\n<td style=\"padding: 0px 7px; border-left: none; border-right-width: 1px; border-right-color: #ffffff; border-top: none; border-bottom-width: 1px; border-bottom-color: #ffffff; background: #b4c6e7; text-align: center; vertical-align: middle;\" valign=\"center\" width=\"360\"><span style=\"font-family: Verdana; font-size: 12pt; color: #000000;\">Pernos y tuercas<\/span><\/td>\n<td style=\"padding: 0px 7px; border-left: none; border-right-width: 1px; border-right-color: #ffffff; border-top: none; border-bottom-width: 1px; border-bottom-color: #ffffff; background: #b4c6e7; text-align: center; vertical-align: middle;\" valign=\"center\" width=\"243\"><span style=\"font-family: Verdana; font-size: 12pt; color: #000000;\">SS304<\/span><\/td>\n<td style=\"padding: 0px 7px; border-left: none; border-right-width: 1px; border-right-color: #ffffff; border-top: none; border-bottom-width: 1px; border-bottom-color: #ffffff; background: #b4c6e7; text-align: center; vertical-align: middle;\" valign=\"center\" width=\"108\"><span style=\"font-family: Verdana; font-size: 12pt; color: #000000;\">AS4181-2013<\/span><\/td>\n<\/tr>\n<tr style=\"height: 20px;\">\n<td style=\"padding: 0px 7px; border-left-width: 1px; border-left-color: #ffffff; border-right-width: 1px; border-right-color: #ffffff; border-top: none; border-bottom-width: 1px; border-bottom-color: #ffffff; background: #b4c6e7; text-align: center; vertical-align: middle; height: 36px;\" valign=\"center\" width=\"104\"><span style=\"font-family: Verdana; font-size: 12pt; color: #000000;\">4<\/span><\/td>\n<td style=\"padding: 0px 7px; border-left: none; border-right-width: 1px; border-right-color: #ffffff; border-top: none; border-bottom-width: 1px; border-bottom-color: #ffffff; background: #d9e2f3; text-align: center; vertical-align: middle;\" valign=\"center\" width=\"360\"><span style=\"font-family: Verdana; font-size: 12pt; color: #000000;\">Manga de goma<\/span><\/td>\n<td style=\"padding: 0px 7px; border-left: none; border-right-width: 1px; border-right-color: #ffffff; border-top: none; border-bottom-width: 1px; border-bottom-color: #ffffff; background: #d9e2f3; text-align: center; vertical-align: middle;\" valign=\"center\" width=\"243\"><span style=\"font-family: Verdana; font-size: 12pt; color: #000000;\">EPDM<\/span><\/td>\n<td style=\"padding: 0px 7px; border-left: none; border-right-width: 1px; border-right-color: #ffffff; border-top: none; border-bottom-width: 1px; border-bottom-color: #ffffff; background: #d9e2f3; text-align: center; vertical-align: middle;\" valign=\"center\" width=\"108\"><span style=\"font-family: Verdana; font-size: 12pt; color: #000000;\">ISO4633<\/span><\/td>\n<\/tr>\n<tr style=\"height: 20px;\">\n<td style=\"padding: 0px 7px; border-left-width: 1px; border-left-color: #ffffff; border-right-width: 1px; border-right-color: #ffffff; border-top: none; border-bottom-width: 1px; border-bottom-color: #ffffff; background: #b4c6e7; text-align: center; vertical-align: middle; height: 36px;\" valign=\"center\" width=\"104\"><span style=\"font-family: Verdana; font-size: 12pt; color: #000000;\">5<\/span><\/td>\n<td style=\"padding: 0px 7px; border-left: none; border-right-width: 1px; border-right-color: #ffffff; border-top: none; border-bottom-width: 1px; border-bottom-color: #ffffff; background: #b4c6e7; text-align: center; vertical-align: middle;\" valign=\"center\" width=\"360\"><span style=\"font-family: Verdana; font-size: 12pt; color: #000000;\">Placa de acero con c\u00e1scara<\/span><\/td>\n<td style=\"padding: 0px 7px; border-left: none; border-right-width: 1px; border-right-color: #ffffff; border-top: none; border-bottom-width: 1px; border-bottom-color: #ffffff; background: #b4c6e7; text-align: center; vertical-align: middle;\" valign=\"center\" width=\"243\"><span style=\"font-family: Verdana; font-size: 12pt; color: #000000;\">SS304<\/span><\/td>\n<td style=\"padding: 0px 7px; border-left: none; border-right-width: 1px; border-right-color: #ffffff; border-top: none; border-bottom-width: 1px; border-bottom-color: #ffffff; background: #b4c6e7; text-align: center; vertical-align: middle;\" valign=\"center\" width=\"108\"><span style=\"font-family: Verdana; font-size: 12pt; color: #000000;\">AS4181-2013<\/span><\/td>\n<\/tr>\n<tr style=\"height: 20px;\">\n<td style=\"padding: 0px 7px; border-left-width: 1px; border-left-color: #ffffff; border-right-width: 1px; border-right-color: #ffffff; border-top: none; border-bottom-width: 1px; border-bottom-color: #ffffff; background: #b4c6e7; text-align: center; vertical-align: middle; height: 36px;\" valign=\"center\" width=\"104\"><span style=\"font-family: Verdana; font-size: 12pt; color: #000000;\">6<\/span><\/td>\n<td style=\"padding: 0px 7px; border-left: none; border-right-width: 1px; border-right-color: #ffffff; border-top: none; border-bottom-width: 1px; border-bottom-color: #ffffff; background: #d9e2f3; text-align: center; vertical-align: middle;\" valign=\"center\" width=\"360\"><span style=\"font-family: Verdana; font-size: 12pt; color: #000000;\">Perno<\/span><\/td>\n<td style=\"padding: 0px 7px; border-left: none; border-right-width: 1px; border-right-color: #ffffff; border-top: none; border-bottom-width: 1px; border-bottom-color: #ffffff; background: #d9e2f3; text-align: center; vertical-align: middle;\" valign=\"center\" width=\"243\"><span style=\"font-family: Verdana; font-size: 12pt; color: #000000;\">SS304<\/span><\/td>\n<td style=\"padding: 0px 7px; border-left: none; border-right-width: 1px; border-right-color: #ffffff; border-top: none; border-bottom-width: 1px; border-bottom-color: #ffffff; background: #d9e2f3; text-align: center; vertical-align: middle;\" valign=\"center\" width=\"108\"><span style=\"font-family: Verdana; font-size: 12pt; color: #000000;\">AS4181-2013<\/span><\/td>\n<\/tr>\n<\/tbody>\n<\/table>\n<p><span style=\"font-family: \u5b8b\u4f53; font-size: 12pt; color: #000000;\">\u00a0<\/span><\/p>\n<table style=\"width: 100%;\" width=\"100%\" cellspacing=\"0\" cellpadding=\"0px 7px\">\n<tbody>\n<tr class=\"firstRow\" style=\"height: 20px;\">\n<td style=\"padding: 0px 7px; border-left-width: 1px; border-left-color: #ffffff; border-right: none; border-top-width: 1px; border-top-color: #ffffff; border-bottom: none; background: #4472c4; text-align: center; vertical-align: middle; height: 36px;\" colspan=\"2\" valign=\"center\" width=\"815\"><span style=\"color: #ffffff; font-size: 12pt;\"><strong><span style=\"font-family: Verdana;\">Resumen y caracter\u00edsticas<\/span><\/strong><\/span><\/td>\n<\/tr>\n<tr style=\"height: 20px;\">\n<td style=\"padding: 0px 7px; border-width: 1px; border-color: #ffffff; background: #b4c6e7; text-align: center; vertical-align: middle; height: 36px;\" valign=\"center\" width=\"104\"><span style=\"font-family: Verdana; font-size: 12pt; color: #000000;\">1<\/span><\/td>\n<td style=\"padding: 0px 7px; border-left: none; border-right-width: 1px; border-right-color: #ffffff; border-top-width: 1px; border-top-color: #ffffff; border-bottom-width: 1px; border-bottom-color: #ffffff; background: #d9e2f3; vertical-align: middle; height: 36px;\" valign=\"center\" width=\"711\"><span style=\"font-family: Verdana; font-size: 12pt; color: #000000;\">Adecuado para acero, hierro, tuber\u00edas de pl\u00e1stico, amplia gama de di\u00e1metros de tuber\u00eda.<\/span><\/td>\n<\/tr>\n<tr style=\"height: 20px;\">\n<td style=\"padding: 0px 7px; border-left-width: 1px; border-left-color: #ffffff; border-right-width: 1px; border-right-color: #ffffff; border-top: none; border-bottom-width: 1px; border-bottom-color: #ffffff; background: #b4c6e7; text-align: center; vertical-align: middle; height: 36px;\" valign=\"center\" width=\"104\"><span style=\"font-family: Verdana; font-size: 12pt; color: #000000;\">2<\/span><\/td>\n<td style=\"padding: 0px 7px; border-left: none; border-right-width: 1px; border-right-color: #ffffff; border-top: none; border-bottom-width: 1px; border-bottom-color: #ffffff; background: #b4c6e7; vertical-align: middle; height: 36px;\" valign=\"center\" width=\"711\"><span style=\"font-family: Verdana; font-size: 12pt; color: #000000;\">Presi\u00f3n de trabajo PN10\/PN16.<\/span><\/td>\n<\/tr>\n<tr style=\"height: 20px;\">\n<td style=\"padding: 0px 7px; border-left-width: 1px; border-left-color: #ffffff; border-right-width: 1px; border-right-color: #ffffff; border-top: none; border-bottom-width: 1px; border-bottom-color: #ffffff; background: #b4c6e7; text-align: center; vertical-align: middle; height: 36px;\" valign=\"center\" width=\"104\"><span style=\"font-family: Verdana; font-size: 12pt; color: #000000;\">3<\/span><\/td>\n<td style=\"padding: 0px 7px; border-left: none; border-right-width: 1px; border-right-color: #ffffff; border-top: none; border-bottom-width: 1px; border-bottom-color: #ffffff; background: #d9e2f3; vertical-align: middle; height: 36px;\" valign=\"center\" width=\"711\"><span style=\"font-family: Verdana; font-size: 12pt; color: #000000;\">Temperatura m\u00e1xima -10 \u00b0 C a+70 \u00b0 C.<\/span><\/td>\n<\/tr>\n<tr style=\"height: 20px;\">\n<td style=\"padding: 0px 7px; border-left-width: 1px; border-left-color: #ffffff; border-right-width: 1px; border-right-color: #ffffff; border-top: none; border-bottom-width: 1px; border-bottom-color: #ffffff; background: #b4c6e7; text-align: center; vertical-align: middle; height: 36px;\" valign=\"center\" width=\"104\"><span style=\"font-family: Verdana; font-size: 12pt; color: #000000;\">4<\/span><\/td>\n<td style=\"padding: 0px 7px; background: #b4c6e7; vertical-align: middle; height: 36px;\" valign=\"center\" width=\"711\"><span style=\"font-family: Verdana; font-size: 12pt; color: #000000;\">Adecuado para agua potable (aprobado por WRAS), agua reciclada y aguas residuales.<\/span><\/td>\n<\/tr>\n<\/tbody>\n<\/table>\n<p>&nbsp;<\/p>","protected":false},"excerpt":{"rendered":"<p>La abrazadera de reparaci\u00f3n de acero inoxidable FCE se usa principalmente en la conexi\u00f3n de una nueva fuga de tuber\u00edas que pueden reparar los orificios de arena y grietas de la tuber\u00eda de envejecimiento y oxidados sin presi\u00f3n o reemplazo de la tuber\u00eda.<\/p>\n<p>El dise\u00f1o especial es permitido, bienvenido para contactarnos.<\/p>","protected":false},"featured_media":2623,"comment_status":"open","ping_status":"closed","template":"","meta":{"_acf_changed":false},"product_brand":[],"product_cat":[31,88],"product_tag":[],"class_list":{"0":"post-2433","1":"product","2":"type-product","3":"status-publish","4":"has-post-thumbnail","6":"product_cat-repair-clamp","7":"product_cat-stainless-steel-connect-repair-clamp","9":"first","10":"instock","11":"shipping-taxable","12":"product-type-simple"},"acf":[],"_links":{"self":[{"href":"https:\/\/www.connectionflexible.com\/es\/wp-json\/wp\/v2\/product\/2433","targetHints":{"allow":["GET"]}}],"collection":[{"href":"https:\/\/www.connectionflexible.com\/es\/wp-json\/wp\/v2\/product"}],"about":[{"href":"https:\/\/www.connectionflexible.com\/es\/wp-json\/wp\/v2\/types\/product"}],"replies":[{"embeddable":true,"href":"https:\/\/www.connectionflexible.com\/es\/wp-json\/wp\/v2\/comments?post=2433"}],"wp:featuredmedia":[{"embeddable":true,"href":"https:\/\/www.connectionflexible.com\/es\/wp-json\/wp\/v2\/media\/2623"}],"wp:attachment":[{"href":"https:\/\/www.connectionflexible.com\/es\/wp-json\/wp\/v2\/media?parent=2433"}],"wp:term":[{"taxonomy":"product_brand","embeddable":true,"href":"https:\/\/www.connectionflexible.com\/es\/wp-json\/wp\/v2\/product_brand?post=2433"},{"taxonomy":"product_cat","embeddable":true,"href":"https:\/\/www.connectionflexible.com\/es\/wp-json\/wp\/v2\/product_cat?post=2433"},{"taxonomy":"product_tag","embeddable":true,"href":"https:\/\/www.connectionflexible.com\/es\/wp-json\/wp\/v2\/product_tag?post=2433"}],"curies":[{"name":"WP","href":"https:\/\/api.w.org\/{rel}","templated":true}]}}