{"id":2444,"date":"2024-08-28T10:47:30","date_gmt":"2024-08-28T02:47:30","guid":{"rendered":"http:\/\/www.connectionflexible.com\/?post_type=product&#038;p=2444"},"modified":"2024-09-18T18:23:36","modified_gmt":"2024-09-18T10:23:36","slug":"compensador-de-acero-inoxidable","status":"publish","type":"product","link":"https:\/\/www.connectionflexible.com\/es\/product\/stainless-steel-compensator\/","title":{"rendered":"Compensador de acero inoxidable"},"content":{"rendered":"<table style=\"width: 100%; height: 373px;\" width=\"100%\" cellspacing=\"0\" cellpadding=\"0px 7px\">\n<tbody>\n<tr class=\"firstRow\" style=\"height: 20px;\">\n<td style=\"padding: 0px 7px; border-width: 1px; border-color: #ffffff; background: #4472c4; width: 201px; vertical-align: middle; text-align: center; height: 36px;\" valign=\"center\"><span style=\"font-size: 12pt;\"><strong><span style=\"font-family: Verdana; color: #ffffff;\">No.<\/span><\/strong><\/span><\/td>\n<td style=\"padding: 0px 7px; border-left: none; border-right-width: 1px; border-right-color: #ffffff; border-top-width: 1px; border-top-color: #ffffff; border-bottom-width: 1px; border-bottom-color: #ffffff; background: #4472c4; width: 581.984px; vertical-align: middle; text-align: center; height: 36px;\" valign=\"center\"><span style=\"font-size: 12pt;\"><strong><span style=\"font-family: Verdana; color: #ffffff;\">Nombre de parte<\/span><\/strong><\/span><\/td>\n<td style=\"padding: 0px 7px; border-left: none; border-right-width: 1px; border-right-color: #ffffff; border-top-width: 1px; border-top-color: #ffffff; border-bottom-width: 1px; border-bottom-color: #ffffff; background: #4472c4; width: 545px; vertical-align: middle; text-align: center; height: 36px;\" valign=\"center\"><span style=\"font-size: 12pt;\"><strong><span style=\"font-family: Verdana; color: #ffffff;\">Material<\/span><\/strong><\/span><\/td>\n<td style=\"padding: 0px 7px; border-left: none; border-right-width: 1px; border-right-color: #ffffff; border-top-width: 1px; border-top-color: #ffffff; border-bottom-width: 1px; border-bottom-color: #ffffff; background: #4472c4; width: 604.016px; vertical-align: middle; text-align: center; height: 36px;\" valign=\"center\"><span style=\"font-size: 12pt;\"><strong><span style=\"font-family: Verdana; color: #ffffff;\">Est\u00e1ndar<\/span><\/strong><\/span><\/td>\n<\/tr>\n<tr style=\"height: 20px;\">\n<td style=\"padding: 0px 7px; border-left-width: 1px; border-left-color: #ffffff; border-right-width: 1px; border-right-color: #ffffff; border-top: none; border-bottom-width: 1px; border-bottom-color: #ffffff; background: #b4c6e7; width: 201px; vertical-align: middle; text-align: center; height: 36px;\" valign=\"center\"><span style=\"font-family: Verdana; font-size: 12pt;\">1<\/span><\/td>\n<td style=\"padding: 0px 7px; border-left: none; border-right-width: 1px; border-right-color: #ffffff; border-top: none; border-bottom-width: 1px; border-bottom-color: #ffffff; background: #d9e2f3; width: 581.984px; vertical-align: middle; text-align: center; height: 36px;\" valign=\"center\"><span style=\"font-family: Verdana; font-size: 12pt;\">Taches<\/span><\/td>\n<td style=\"padding: 0px 7px; border-left: none; border-right-width: 1px; border-right-color: #ffffff; border-top: none; border-bottom-width: 1px; border-bottom-color: #ffffff; background: #d9e2f3; width: 545px; vertical-align: middle; text-align: center; height: 36px;\" valign=\"center\"><span style=\"font-family: Verdana; font-size: 12pt;\">Acero inoxidable<\/span><\/td>\n<td style=\"padding: 0px 7px; border-left: none; border-right-width: 1px; border-right-color: #ffffff; border-top: none; border-bottom-width: 1px; border-bottom-color: #ffffff; background: #b4c6e7; width: 604.016px; vertical-align: middle; text-align: center; height: 36px;\" valign=\"center\"><span style=\"font-family: Verdana; font-size: 12pt;\">EN 10088-1<\/span><\/td>\n<\/tr>\n<tr style=\"height: 20px;\">\n<td style=\"padding: 0px 7px; border-left-width: 1px; border-left-color: #ffffff; border-right-width: 1px; border-right-color: #ffffff; border-top: none; border-bottom-width: 1px; border-bottom-color: #ffffff; background: #b4c6e7; width: 201px; vertical-align: middle; text-align: center; height: 36px;\" valign=\"center\"><\/td>\n<td style=\"padding: 0px 7px; border-left: none; border-right-width: 1px; border-right-color: #ffffff; border-top: none; border-bottom-width: 1px; border-bottom-color: #ffffff; background: #d9e2f3; width: 581.984px; vertical-align: middle; text-align: center; height: 36px;\" valign=\"center\"><span style=\"font-family: Verdana; font-size: 12pt;\">Brida<\/span><\/td>\n<td style=\"padding: 0px 7px; border-left: none; border-right-width: 1px; border-right-color: #ffffff; border-top: none; border-bottom-width: 1px; border-bottom-color: #ffffff; background: #d9e2f3; width: 545px; vertical-align: middle; text-align: center; height: 36px;\" valign=\"center\"><span style=\"font-family: Verdana; font-size: 12pt;\">Acero inoxidable<\/span><\/td>\n<td style=\"padding: 0px 7px; border-left: none; border-right-width: 1px; border-right-color: #ffffff; border-top: none; border-bottom-width: 1px; border-bottom-color: #ffffff; background: #b4c6e7; width: 604.016px; vertical-align: middle; text-align: center; height: 36px;\" valign=\"center\"><span style=\"font-family: Verdana; font-size: 12pt;\">EN 1092<\/span><\/td>\n<\/tr>\n<tr style=\"height: 20px;\">\n<td style=\"padding: 0px 7px; border-left-width: 1px; border-left-color: #ffffff; border-right-width: 1px; border-right-color: #ffffff; border-top: none; border-bottom-width: 1px; border-bottom-color: #ffffff; background: #b4c6e7; width: 201px; vertical-align: middle; text-align: center; height: 36px;\" valign=\"center\"><span style=\"font-family: Verdana; font-size: 12pt;\">2<\/span><\/td>\n<td style=\"padding: 0px 7px; border-left: none; border-right-width: 1px; border-right-color: #ffffff; border-top: none; border-bottom-width: 1px; border-bottom-color: #ffffff; background: #b4c6e7; width: 581.984px; vertical-align: middle; text-align: center; height: 36px;\" valign=\"center\"><span style=\"font-family: Verdana; font-size: 12pt;\">Bramido<\/span><\/td>\n<td style=\"padding: 0px 7px; border-left: none; border-right-width: 1px; border-right-color: #ffffff; border-top: none; border-bottom-width: 1px; border-bottom-color: #ffffff; background: #b4c6e7; width: 545px; vertical-align: middle; text-align: center; height: 36px;\" valign=\"center\"><span style=\"font-family: Verdana; font-size: 12pt;\">Acero inoxidable<\/span><\/td>\n<td style=\"padding: 0px 7px; border-left: none; border-right-width: 1px; border-right-color: #ffffff; border-top: none; border-bottom-width: 1px; border-bottom-color: #ffffff; background: #b4c6e7; width: 604.016px; vertical-align: middle; text-align: center; height: 36px;\" valign=\"center\"><span style=\"font-family: Verdana; font-size: 12pt;\">EN 10088-3<\/span><\/td>\n<\/tr>\n<tr style=\"height: 20px;\">\n<td style=\"padding: 0px 7px; border-left-width: 1px; border-left-color: #ffffff; border-right-width: 1px; border-right-color: #ffffff; border-top: none; border-bottom-width: 1px; border-bottom-color: #ffffff; background: #b4c6e7; width: 201px; vertical-align: middle; text-align: center; height: 36px;\" valign=\"center\"><span style=\"font-family: Verdana; font-size: 12pt;\">3<\/span><\/td>\n<td style=\"padding: 0px 7px; border-left: none; border-right-width: 1px; border-right-color: #ffffff; border-top: none; border-bottom-width: 1px; border-bottom-color: #ffffff; background: #d9e2f3; width: 581.984px; vertical-align: middle; text-align: center; height: 36px;\" valign=\"center\"><span style=\"font-family: Verdana; font-size: 12pt;\">Tubo de borrador<\/span><\/td>\n<td style=\"padding: 0px 7px; border-left: none; border-right-width: 1px; border-right-color: #ffffff; border-top: none; border-bottom-width: 1px; border-bottom-color: #ffffff; background: #d9e2f3; width: 545px; vertical-align: middle; text-align: center; height: 36px;\" valign=\"center\"><span style=\"font-family: Verdana; font-size: 12pt;\">Acero inoxidable<\/span><\/td>\n<td style=\"padding: 0px 7px; border-left: none; border-right: none; border-top: none; border-bottom-width: 1px; border-bottom-color: #ffffff; background: #d9e2f3; width: 605.016px; vertical-align: middle; text-align: center; height: 36px;\" valign=\"center\"><span style=\"font-family: Verdana; font-size: 12pt;\">EN 10088-3<\/span><\/td>\n<\/tr>\n<tr style=\"height: 20px;\">\n<td style=\"padding: 0px 7px; border-left-width: 1px; border-left-color: #ffffff; border-right: none; border-top: none; border-bottom-width: 1px; border-bottom-color: #ffffff; background: #b4c6e7; width: 202px; vertical-align: middle; text-align: center; height: 36px;\" valign=\"center\"><span style=\"font-family: Verdana; font-size: 12pt;\">4<\/span><\/td>\n<td style=\"padding: 0px 7px; border-left-width: 1px; border-left-color: #ffffff; border-right-width: 1px; border-right-color: #ffffff; border-top: none; border-bottom-width: 1px; border-bottom-color: #ffffff; background: #b4c6e7; width: 580.984px; vertical-align: middle; text-align: center; height: 36px;\" valign=\"center\"><span style=\"font-family: Verdana; font-size: 12pt;\">Tirar de la barra<\/span><\/td>\n<td style=\"padding: 0px 7px; border-left: none; border-right-width: 1px; border-right-color: #ffffff; border-top: none; border-bottom-width: 1px; border-bottom-color: #ffffff; background: #b4c6e7; width: 545px; vertical-align: middle; text-align: center; height: 36px;\" valign=\"center\"><span style=\"font-family: Verdana; font-size: 12pt;\">Acero al carbono \/ acero inoxidable<\/span><\/td>\n<td style=\"padding: 0px 7px; border-left: none; border-right: none; border-top: none; border-bottom-width: 1px; border-bottom-color: #ffffff; background: #b4c6e7; width: 605.016px; vertical-align: middle; text-align: center; height: 36px;\" valign=\"center\"><span style=\"font-family: Verdana; font-size: 12pt;\">EN 10084\/EN 10088-3<\/span><\/td>\n<\/tr>\n<tr style=\"height: 24px;\">\n<td style=\"padding: 0px 7px; border-left-width: 1px; border-left-color: #ffffff; border-right: none; border-top: none; border-bottom: none; background: #b4c6e7; width: 202px; vertical-align: middle; text-align: center; height: 36px;\" valign=\"center\"><span style=\"font-family: Verdana; font-size: 12pt;\">5<\/span><\/td>\n<td style=\"padding: 0px 7px; border-left-width: 1px; border-left-color: #ffffff; border-right-width: 1px; border-right-color: #ffffff; border-top: none; border-bottom-width: 1px; border-bottom-color: #ffffff; background: #d9e2f3; width: 580.984px; vertical-align: middle; text-align: center; height: 36px;\" valign=\"center\"><span style=\"font-family: Verdana; font-size: 12pt;\">Cojones<\/span><\/td>\n<td style=\"padding: 0px 7px; border-left: none; border-right-width: 1px; border-right-color: #ffffff; border-top: none; border-bottom-width: 1px; border-bottom-color: #ffffff; background: #d9e2f3; width: 545px; vertical-align: middle; text-align: center; height: 36px;\" valign=\"center\"><span style=\"font-family: Verdana; font-size: 12pt;\">Acero al carbono 6.8,8.8\/Acero inoxidable<\/span><\/td>\n<td style=\"padding: 0px 7px; background: #d9e2f3; width: 603.016px; vertical-align: middle; text-align: center; height: 36px;\" valign=\"center\"><span style=\"font-family: Verdana; font-size: 12pt;\">EN 10084\/EN 10088-3<\/span><\/td>\n<\/tr>\n<\/tbody>\n<\/table>\n<p>&nbsp;<\/p>\n<table style=\"width: 100%;\" width=\"100%\" cellspacing=\"0\">\n<tbody>\n<tr class=\"firstRow\" style=\"height: 20px;\">\n<td style=\"padding: 0px 7px; border-left-width: 1px; border-left-color: #ffffff; border-right: none; border-top-width: 1px; border-top-color: #ffffff; border-bottom: none; background: #4472c4; width: 950px; vertical-align: middle; text-align: center; height: 36px;\" colspan=\"2\" valign=\"center\" width=\"950\"><span style=\"font-size: 12pt;\"><strong><span style=\"font-family: Verdana; color: #ffffff;\">Resumen y caracter\u00edsticas<\/span><\/strong><\/span><\/td>\n<\/tr>\n<tr style=\"height: 20px;\">\n<td style=\"padding: 0px 7px; border-width: 1px; border-color: #ffffff; background: #b4c6e7; vertical-align: middle; text-align: center; height: 36px;\" valign=\"center\" width=\"94\"><span style=\"font-family: Verdana; font-size: 12pt;\">1<\/span><\/td>\n<td style=\"padding: 0px 7px; border-left: none; border-right-width: 1px; border-right-color: #ffffff; border-top-width: 1px; border-top-color: #ffffff; border-bottom-width: 1px; border-bottom-color: #ffffff; background: #d9e2f3; vertical-align: middle; text-align: center; height: 36px;\" valign=\"center\" width=\"856\"><span style=\"font-family: Verdana; font-size: 12pt;\">Adecuado para todo tipo de tuber\u00edas de agua, tuber\u00edas de incendios, tuber\u00edas de aire acondicionado, tuber\u00edas de vapor, etc.<\/span><\/td>\n<\/tr>\n<tr style=\"height: 20px;\">\n<td style=\"padding: 0px 7px; border-left-width: 1px; border-left-color: #ffffff; border-right-width: 1px; border-right-color: #ffffff; border-top: none; border-bottom-width: 1px; border-bottom-color: #ffffff; background: #b4c6e7; vertical-align: middle; text-align: center; height: 36px;\" valign=\"center\" width=\"94\"><span style=\"font-family: Verdana; font-size: 12pt;\">2<\/span><\/td>\n<td style=\"padding: 0px 7px; border-left: none; border-right-width: 1px; border-right-color: #ffffff; border-top: none; border-bottom-width: 1px; border-bottom-color: #ffffff; background: #b4c6e7; vertical-align: middle; text-align: center; height: 36px;\" valign=\"center\" width=\"856\"><span style=\"font-family: Verdana; font-size: 12pt;\">Presi\u00f3n de trabajo PN10\/PN16\/PN25.<\/span><\/td>\n<\/tr>\n<tr style=\"height: 20px;\">\n<td style=\"padding: 0px 7px; border-left-width: 1px; border-left-color: #ffffff; border-right-width: 1px; border-right-color: #ffffff; border-top: none; border-bottom-width: 1px; border-bottom-color: #ffffff; background: #b4c6e7; vertical-align: middle; text-align: center; height: 36px;\" valign=\"center\" width=\"94\"><span style=\"font-family: Verdana; font-size: 12pt;\">3<\/span><\/td>\n<td style=\"padding: 0px 7px; border-left: none; border-right-width: 1px; border-right-color: #ffffff; border-top: none; border-bottom-width: 1px; border-bottom-color: #ffffff; background: #d9e2f3; vertical-align: middle; text-align: center; height: 36px;\" valign=\"center\" width=\"856\"><span style=\"font-family: Verdana; font-size: 12pt;\">Temperatura m\u00e1xima -196 \u00b0 C ~ 450 \u00b0 C.<\/span><\/td>\n<\/tr>\n<tr style=\"height: 20px;\">\n<td style=\"padding: 0px 7px; border-left-width: 1px; border-left-color: #ffffff; border-right-width: 1px; border-right-color: #ffffff; border-top: none; border-bottom-width: 1px; border-bottom-color: #ffffff; background: #b4c6e7; vertical-align: middle; text-align: center; height: 36px;\" valign=\"center\" width=\"94\"><span style=\"font-family: \u7b49\u7ebf; font-size: 12pt;\"><span style=\"font-family: Verdana;\">4<\/span><\/span><\/td>\n<td style=\"padding: 0px 7px; border-left: none; border-right-width: 1px; border-right-color: #ffffff; border-top: none; border-bottom-width: 1px; border-bottom-color: #ffffff; background: #d9e2f3; vertical-align: middle; text-align: center; height: 36px;\" valign=\"center\" width=\"856\"><span style=\"font-family: Verdana; font-size: 12pt;\">La desviaci\u00f3n del \u00e1ngulo total es de 5-30 grados.<\/span><\/td>\n<\/tr>\n<\/tbody>\n<\/table>\n<p>&nbsp;<\/p>\n<table style=\"width: 100%; height: 200px;\" width=\"100%\" cellspacing=\"0\" cellpadding=\"0px 7px\">\n<tbody>\n<tr class=\"firstRow\" style=\"height: 20px;\">\n<td style=\"padding: 0px 7px; border-left-width: 1px; border-left-color: #ffffff; border-right: none; border-top-width: 1px; border-top-color: #ffffff; border-bottom: none; background: #4472c4; width: 99.8997%; text-align: center; vertical-align: middle; height: 36px;\" colspan=\"2\" valign=\"center\" width=\"950\"><span style=\"font-size: 12pt;\"><strong><span style=\"font-family: Verdana; color: #ffffff;\">Cumplimiento de est\u00e1ndar<\/span><\/strong><\/span><\/td>\n<\/tr>\n<tr style=\"height: 20px;\">\n<td style=\"padding: 0px 7px; border-width: 1px; border-color: #ffffff; background: #d9e1f2; width: 50.2757%; vertical-align: middle; text-align: center; height: 36px;\" valign=\"center\" width=\"661\"><span style=\"font-family: Verdana; font-size: 12pt;\">Perforaci\u00f3n de brida<\/span><\/td>\n<td style=\"padding: 0px 7px; border-left: none; border-right-width: 1px; border-right-color: #ffffff; border-top-width: 1px; border-top-color: #ffffff; border-bottom-width: 1px; border-bottom-color: #ffffff; background: #d9e1f2; width: 49.6241%; vertical-align: middle; text-align: center; height: 36px;\" valign=\"center\" width=\"289\"><span style=\"font-family: Verdana; font-size: 12pt;\">EN1092-2, EN1092-1, ANSI <\/span><\/td>\n<\/tr>\n<tr style=\"height: 20px;\">\n<td style=\"padding: 0px 7px; border-left-width: 1px; border-left-color: #ffffff; border-right-width: 1px; border-right-color: #ffffff; border-top: none; border-bottom-width: 1px; border-bottom-color: #ffffff; background: #b4c6e7; width: 50.2757%; vertical-align: middle; text-align: center; height: 36px;\" valign=\"center\" width=\"661\"><span style=\"font-family: Verdana; font-size: 12pt;\">Cuerpo<\/span><\/td>\n<td style=\"padding: 0px 7px; border-left: none; border-right-width: 1px; border-right-color: #ffffff; border-top: none; border-bottom-width: 1px; border-bottom-color: #ffffff; background: #b4c6e7; width: 49.6241%; vertical-align: middle; text-align: center; height: 36px;\" valign=\"center\" width=\"289\"><span style=\"font-family: Verdana; font-size: 12pt;\">EN10088-1<\/span><\/td>\n<\/tr>\n<tr style=\"height: 20px;\">\n<td style=\"padding: 0px 7px; border-left-width: 1px; border-left-color: #ffffff; border-right-width: 1px; border-right-color: #ffffff; border-top: none; border-bottom-width: 1px; border-bottom-color: #ffffff; background: #d9e1f2; width: 50.2757%; vertical-align: middle; text-align: center; height: 36px;\" valign=\"center\" width=\"661\"><span style=\"font-family: Verdana; font-size: 12pt;\">Prueba<\/span><\/td>\n<td style=\"padding: 0px 7px; border-left: none; border-right-width: 1px; border-right-color: #ffffff; border-top: none; border-bottom-width: 1px; border-bottom-color: #ffffff; background: #d9e1f2; width: 49.6241%; vertical-align: middle; text-align: center; height: 36px;\" valign=\"center\" width=\"289\"><span style=\"font-family: Verdana; font-size: 12pt;\">EN12266-1<\/span><\/td>\n<\/tr>\n<\/tbody>\n<\/table>","protected":false},"excerpt":{"rendered":"<p>El compensador de acero inoxidable se usa en la entrada y salida de la bomba de aire acondicionado central, la bomba de fuego, la bomba de suministro de agua, reduce efectivamente la vibraci\u00f3n del hu\u00e9sped, absorbe el ruido de la tuber\u00eda, protege el equipo, extiende la vida \u00fatil del equipo con resistencia duradera, alta temperatura, resistencia a alta presi\u00f3n, anticorrosi\u00f3n, protecci\u00f3n ambiental y otras ventajas.<\/p>\n<p>El dise\u00f1o especial es permitido, bienvenido para contactarnos.<\/p>","protected":false},"featured_media":2671,"comment_status":"open","ping_status":"closed","template":"","meta":{"_acf_changed":false},"product_brand":[],"product_cat":[24],"product_tag":[],"class_list":{"0":"post-2444","1":"product","2":"type-product","3":"status-publish","4":"has-post-thumbnail","6":"product_cat-flexible-connection","8":"first","9":"instock","10":"shipping-taxable","11":"product-type-simple"},"acf":[],"_links":{"self":[{"href":"https:\/\/www.connectionflexible.com\/es\/wp-json\/wp\/v2\/product\/2444","targetHints":{"allow":["GET"]}}],"collection":[{"href":"https:\/\/www.connectionflexible.com\/es\/wp-json\/wp\/v2\/product"}],"about":[{"href":"https:\/\/www.connectionflexible.com\/es\/wp-json\/wp\/v2\/types\/product"}],"replies":[{"embeddable":true,"href":"https:\/\/www.connectionflexible.com\/es\/wp-json\/wp\/v2\/comments?post=2444"}],"wp:featuredmedia":[{"embeddable":true,"href":"https:\/\/www.connectionflexible.com\/es\/wp-json\/wp\/v2\/media\/2671"}],"wp:attachment":[{"href":"https:\/\/www.connectionflexible.com\/es\/wp-json\/wp\/v2\/media?parent=2444"}],"wp:term":[{"taxonomy":"product_brand","embeddable":true,"href":"https:\/\/www.connectionflexible.com\/es\/wp-json\/wp\/v2\/product_brand?post=2444"},{"taxonomy":"product_cat","embeddable":true,"href":"https:\/\/www.connectionflexible.com\/es\/wp-json\/wp\/v2\/product_cat?post=2444"},{"taxonomy":"product_tag","embeddable":true,"href":"https:\/\/www.connectionflexible.com\/es\/wp-json\/wp\/v2\/product_tag?post=2444"}],"curies":[{"name":"WP","href":"https:\/\/api.w.org\/{rel}","templated":true}]}}