{"id":2912,"date":"2024-09-12T20:02:53","date_gmt":"2024-09-12T12:02:53","guid":{"rendered":"https:\/\/www.connectionflexible.com\/?post_type=product&#038;p=2912"},"modified":"2024-09-18T18:17:15","modified_gmt":"2024-09-18T10:17:15","slug":"joint-de-demontage-en-acier-vssja-cf","status":"publish","type":"product","link":"https:\/\/www.connectionflexible.com\/fr\/product\/steel-dismantling-joint-vssja-cf\/","title":{"rendered":"Joints de d\u00e9mant\u00e8lement en acier VSSJA CF"},"content":{"rendered":"<table style=\"width: 100%;\" width=\"100%\" cellspacing=\"0\" cellpadding=\"0px 7px\">\n<tbody>\n<tr class=\"firstRow\" style=\"height: 20px;\">\n<td style=\"padding: 0px 7px; border-color: #ffffff; background: #4472c4; text-align: center; vertical-align: middle; height: 36px;\" valign=\"center\" width=\"56\"><span style=\"color: #ffffff; font-size: 12pt;\"><strong><span style=\"font-family: Verdana;\">N \u00b0 de pi\u00e8ce<\/span><\/strong><\/span><\/td>\n<td style=\"padding: 0px 7px; border-left: none; border-right-color: #ffffff; border-top-color: #ffffff; border-bottom-color: #ffffff; background: #4472c4; text-align: center; vertical-align: middle; height: 36px;\" valign=\"center\" width=\"243\"><span style=\"color: #ffffff; font-size: 12pt;\"><strong><span style=\"font-family: Verdana;\">Nom de pi\u00e8ce<\/span><\/strong><\/span><\/td>\n<td style=\"padding: 0px 7px; border-left: none; border-right-color: #ffffff; border-top-color: #ffffff; border-bottom-color: #ffffff; background: #4472c4; text-align: center; vertical-align: middle; height: 36px;\" valign=\"center\" width=\"342\"><span style=\"color: #ffffff; font-size: 12pt;\"><strong><span style=\"font-family: Verdana;\">Mat\u00e9riel<\/span><\/strong><\/span><\/td>\n<td style=\"padding: 0px 7px; border-left: none; border-right-color: #ffffff; border-top-color: #ffffff; border-bottom-color: #ffffff; background: #4472c4; text-align: center; vertical-align: middle; height: 36px;\" valign=\"center\" width=\"181\"><span style=\"color: #ffffff; font-size: 12pt;\"><strong><span style=\"font-family: Verdana;\">Standard<\/span><\/strong><\/span><\/td>\n<\/tr>\n<tr style=\"height: 20px;\">\n<td style=\"padding: 0px 7px; border-left-color: #ffffff; border-right-color: #ffffff; border-top: none; border-bottom-color: #ffffff; background: #b4c6e7; text-align: center; vertical-align: middle; height: 36px;\" valign=\"center\" width=\"56\"><span style=\"font-family: Verdana; font-size: 12pt; color: #000000;\">1<\/span><\/td>\n<td style=\"padding: 0px 7px; border-left: none; border-right-color: #ffffff; border-top: none; border-bottom-color: #ffffff; background: #d9e2f3; text-align: center; vertical-align: middle; height: 36px;\" valign=\"center\" width=\"243\"><span style=\"font-family: Verdana; font-size: 12pt; color: #000000;\">Pipe \u00e0 bride<\/span><\/td>\n<td style=\"padding: 0px 7px; border-left: none; border-right-color: #ffffff; border-top: none; border-bottom-color: #ffffff; background: #d9e2f3; text-align: center; vertical-align: middle; height: 36px;\" valign=\"center\" width=\"342\"><span style=\"font-family: Verdana; font-size: 12pt; color: #000000;\">Q235A<\/span><\/td>\n<td style=\"padding: 0px 7px; border-left: none; border-right-color: #ffffff; border-top: none; border-bottom-color: #ffffff; background: #d9e2f3; text-align: center; vertical-align: middle; height: 36px;\" valign=\"center\" width=\"181\"><span style=\"font-family: Verdana; font-size: 12pt; color: #000000;\">ISO630<\/span><\/td>\n<\/tr>\n<tr style=\"height: 20px;\">\n<td style=\"padding: 0px 7px; border-left-color: #ffffff; border-right-color: #ffffff; border-top: none; border-bottom-color: #ffffff; background: #b4c6e7; text-align: center; vertical-align: middle; height: 36px;\" valign=\"center\" width=\"56\"><span style=\"font-family: Verdana; font-size: 12pt; color: #000000;\">2<\/span><\/td>\n<td style=\"padding: 0px 7px; border-left: none; border-right-color: #ffffff; border-top: none; border-bottom-color: #ffffff; background: #b4c6e7; text-align: center; vertical-align: middle; height: 36px;\" valign=\"center\" width=\"243\"><span style=\"font-family: Verdana; font-size: 12pt; color: #000000;\">Joint en caoutchouc<\/span><\/td>\n<td style=\"padding: 0px 7px; border-left: none; border-right-color: #ffffff; border-top: none; border-bottom-color: #ffffff; background: #b4c6e7; text-align: center; vertical-align: middle; height: 36px;\" valign=\"center\" width=\"342\"><span style=\"font-family: Verdana; font-size: 12pt; color: #000000;\">EPDM \/ SBR \/ NBR<\/span><\/td>\n<td style=\"padding: 0px 7px; border-left: none; border-right-color: #ffffff; border-top: none; border-bottom-color: #ffffff; background: #b4c6e7; text-align: center; vertical-align: middle; height: 36px;\" valign=\"center\" width=\"181\"><span style=\"font-family: Verdana; font-size: 12pt; color: #000000;\">ISO4633<\/span><\/td>\n<\/tr>\n<tr style=\"height: 20px;\">\n<td style=\"padding: 0px 7px; border-left-color: #ffffff; border-right-color: #ffffff; border-top: none; border-bottom-color: #ffffff; background: #b4c6e7; text-align: center; vertical-align: middle; height: 36px;\" valign=\"center\" width=\"56\"><span style=\"font-family: Verdana; font-size: 12pt; color: #000000;\">3<\/span><\/td>\n<td style=\"padding: 0px 7px; border-left: none; border-right-color: #ffffff; border-top: none; border-bottom-color: #ffffff; background: #d9e2f3; text-align: center; vertical-align: middle; height: 36px;\" valign=\"center\" width=\"243\"><span style=\"font-family: Verdana; font-size: 12pt; color: #000000;\">Bride<\/span><\/td>\n<td style=\"padding: 0px 7px; border-left: none; border-right-color: #ffffff; border-top: none; border-bottom-color: #ffffff; background: #d9e2f3; text-align: center; vertical-align: middle; height: 36px;\" valign=\"center\" width=\"342\"><span style=\"font-family: Verdana; font-size: 12pt; color: #000000;\">Q235A<\/span><\/td>\n<td style=\"padding: 0px 7px; border-left: none; border-right-color: #ffffff; border-top: none; border-bottom-color: #ffffff; background: #d9e2f3; text-align: center; vertical-align: middle; height: 36px;\" valign=\"center\" width=\"181\"><span style=\"font-family: Verdana; font-size: 12pt; color: #000000;\">EN1563<\/span><\/td>\n<\/tr>\n<tr style=\"height: 20px;\">\n<td style=\"padding: 0px 7px; border-left-color: #ffffff; border-right-color: #ffffff; border-top: none; border-bottom-color: #ffffff; background: #b4c6e7; text-align: center; vertical-align: middle; height: 36px;\" valign=\"center\" width=\"56\"><span style=\"font-family: Verdana; font-size: 12pt; color: #000000;\">4<\/span><\/td>\n<td style=\"padding: 0px 7px; border-left: none; border-right-color: #ffffff; border-top: none; border-bottom-color: #ffffff; background: #b4c6e7; text-align: center; vertical-align: middle; height: 36px;\" valign=\"center\" width=\"243\"><span style=\"font-family: Verdana; font-size: 12pt; color: #000000;\">Limiter le tube court<\/span><\/td>\n<td style=\"padding: 0px 7px; border-left: none; border-right-color: #ffffff; border-top: none; border-bottom-color: #ffffff; background: #b4c6e7; text-align: center; vertical-align: middle; height: 36px;\" valign=\"center\" width=\"342\"><span style=\"font-family: Verdana; font-size: 12pt; color: #000000;\">Q235A<\/span><\/td>\n<td style=\"padding: 0px 7px; border-left: none; border-right-color: #ffffff; border-top: none; border-bottom-color: #ffffff; background: #b4c6e7; text-align: center; vertical-align: middle; height: 36px;\" valign=\"center\" width=\"181\"><span style=\"font-family: Verdana; font-size: 12pt; color: #000000;\">\u00a0ISO630<\/span><\/td>\n<\/tr>\n<tr style=\"height: 20px;\">\n<td style=\"padding: 0px 7px; border-left-color: #ffffff; border-right-color: #ffffff; border-top: none; border-bottom-color: #ffffff; background: #b4c6e7; text-align: center; vertical-align: middle; height: 36px;\" valign=\"center\" width=\"56\"><span style=\"font-family: Verdana; font-size: 12pt; color: #000000;\">4<\/span><\/td>\n<td style=\"padding: 0px 7px; border-left: none; border-right-color: #ffffff; border-top: none; border-bottom-color: #ffffff; background: #d9e2f3; text-align: center; vertical-align: middle; height: 36px;\" valign=\"center\" width=\"243\"><span style=\"font-family: Verdana; font-size: 12pt; color: #000000;\">Boulons et \u00e9crous<\/span><\/td>\n<td style=\"padding: 0px 7px; border-left: none; border-right-color: #ffffff; border-top: none; border-bottom-color: #ffffff; background: #d9e2f3; text-align: center; vertical-align: middle; height: 36px;\" valign=\"center\" width=\"342\"><span style=\"font-family: Verdana; font-size: 12pt; color: #000000;\">Acier au carbone 6.8 \/ 8.8, SS, dacromet<\/span><\/td>\n<td style=\"padding: 0px 7px; border-left: none; border-right-color: #ffffff; border-top: none; border-bottom-color: #ffffff; background: #d9e2f3; text-align: center; vertical-align: middle; height: 36px;\" valign=\"center\" width=\"181\"><span style=\"font-family: Verdana; font-size: 12pt; color: #000000;\">ISO898<\/span><\/td>\n<\/tr>\n<tr style=\"height: 20px;\">\n<td style=\"padding: 0px 7px; border-left-color: #ffffff; border-right-color: #ffffff; border-top: none; border-bottom-color: #ffffff; background: #b4c6e7; text-align: center; vertical-align: middle; height: 36px;\" valign=\"center\" width=\"56\"><span style=\"font-family: Verdana; font-size: 12pt; color: #000000;\">5<\/span><\/td>\n<td style=\"padding: 0px 7px; border-left: none; border-right-color: #ffffff; border-top: none; border-bottom-color: #ffffff; background: #b4c6e7; text-align: center; vertical-align: middle; height: 36px;\" valign=\"center\" width=\"243\"><span style=\"font-family: Verdana; font-size: 12pt; color: #000000;\">Couche de finition<\/span><\/td>\n<td style=\"padding: 0px 7px; border-left: none; border-right-color: #ffffff; border-top: none; border-bottom-color: #ffffff; background: #b4c6e7; text-align: center; vertical-align: middle; height: 36px;\" valign=\"center\" width=\"342\"><span style=\"font-family: Verdana; font-size: 12pt; color: #000000;\">\u00c9poxy de liaison fusion etc.<\/span><\/td>\n<td style=\"padding: 0px 7px; border-left: none; border-right-color: #ffffff; border-top: none; border-bottom-color: #ffffff; background: #b4c6e7; text-align: center; vertical-align: middle; height: 36px;\" valign=\"center\" width=\"181\"><span style=\"font-family: Verdana; font-size: 12pt; color: #000000;\">EN14901<\/span><\/td>\n<\/tr>\n<\/tbody>\n<\/table>\n<p><span style=\"font-family: Calibri; font-size: 12pt; color: #000000;\">\u00a0<\/span><\/p>\n<table style=\"width: 100%;\" width=\"100%\" cellspacing=\"0\" cellpadding=\"0px 7px\">\n<tbody>\n<tr class=\"firstRow\" style=\"height: 20px;\">\n<td style=\"padding: 0px 7px; border-left-width: 1px; border-left-color: #ffffff; border-right: none; border-top-width: 1px; border-top-color: #ffffff; border-bottom: none; background: #4472c4; text-align: center; vertical-align: middle; height: 36px;\" colspan=\"2\" valign=\"center\" width=\"822\"><span style=\"color: #ffffff; font-size: 12pt;\"><strong><span style=\"font-family: Verdana;\">Briefs et fonctionnalit\u00e9s<\/span><\/strong><\/span><\/td>\n<\/tr>\n<tr style=\"height: 20px;\">\n<td style=\"padding: 0px 7px; border-width: 1px; border-color: #ffffff; background: #b4c6e7; text-align: center; vertical-align: middle; height: 36px;\" valign=\"center\" width=\"56\"><span style=\"font-family: Verdana; font-size: 12pt; color: #000000;\">1<\/span><\/td>\n<td style=\"padding: 0px 7px; border-left: none; border-right-width: 1px; border-right-color: #ffffff; border-top-width: 1px; border-top-color: #ffffff; border-bottom-width: 1px; border-bottom-color: #ffffff; background: #d9e2f3; vertical-align: middle; height: 36px;\" valign=\"center\" width=\"766\"><span style=\"font-family: Verdana; font-size: 12pt; color: #000000;\">Convient pour l'acier, le fer, les tuyaux en plastique, une large gamme de diam\u00e8tres de tuyaux.<\/span><\/td>\n<\/tr>\n<tr style=\"height: 20px;\">\n<td style=\"padding: 0px 7px; border-left-width: 1px; border-left-color: #ffffff; border-right-width: 1px; border-right-color: #ffffff; border-top: none; border-bottom-width: 1px; border-bottom-color: #ffffff; background: #b4c6e7; text-align: center; vertical-align: middle; height: 36px;\" valign=\"center\" width=\"56\"><span style=\"font-family: Verdana; font-size: 12pt; color: #000000;\">2<\/span><\/td>\n<td style=\"padding: 0px 7px; border-left: none; border-right-width: 1px; border-right-color: #ffffff; border-top: none; border-bottom-width: 1px; border-bottom-color: #ffffff; background: #b4c6e7; vertical-align: middle; height: 36px;\" valign=\"center\" width=\"766\"><span style=\"font-family: Verdana; font-size: 12pt; color: #000000;\">Pression de travail PN10 \/ PN16 \/ PN25 \/ PN40.<\/span><\/td>\n<\/tr>\n<tr style=\"height: 20px;\">\n<td style=\"padding: 0px 7px; border-left-width: 1px; border-left-color: #ffffff; border-right-width: 1px; border-right-color: #ffffff; border-top: none; border-bottom-width: 1px; border-bottom-color: #ffffff; background: #b4c6e7; text-align: center; vertical-align: middle; height: 36px;\" valign=\"center\" width=\"56\"><span style=\"font-family: Verdana; font-size: 12pt; color: #000000;\">3<\/span><\/td>\n<td style=\"padding: 0px 7px; border-left: none; border-right-width: 1px; border-right-color: #ffffff; border-top: none; border-bottom-width: 1px; border-bottom-color: #ffffff; background: #d9e2f3; vertical-align: middle; height: 36px;\" valign=\"center\" width=\"766\"><span style=\"font-family: Verdana; font-size: 12pt; color: #000000;\">Temp\u00e9ration maximale -10 \u00b0 C \u00e0 + 70 \u00b0 C.<\/span><\/td>\n<\/tr>\n<tr style=\"height: 20px;\">\n<td style=\"padding: 0px 7px; border-left-width: 1px; border-left-color: #ffffff; border-right-width: 1px; border-right-color: #ffffff; border-top: none; border-bottom-width: 1px; border-bottom-color: #ffffff; background: #b4c6e7; text-align: center; vertical-align: middle; height: 36px;\" valign=\"center\" width=\"56\"><span style=\"font-family: Verdana; font-size: 12pt; color: #000000;\">4<\/span><\/td>\n<td style=\"padding: 0px 7px; border-left: none; border-right-width: 1px; border-right-color: #ffffff; border-top: none; border-bottom-width: 1px; border-bottom-color: #ffffff; background: #b4c6e7; vertical-align: middle; height: 36px;\" valign=\"center\" width=\"766\"><span style=\"font-family: Verdana; font-size: 12pt; color: #000000;\">Convient pour l'eau potable (WRA approuv\u00e9e), les liquides neutres et les eaux us\u00e9es.<\/span><\/td>\n<\/tr>\n<\/tbody>\n<\/table>\n<p><span style=\"font-family: Calibri; font-size: 12pt; color: #000000;\">\u00a0<\/span><\/p>\n<table style=\"width: 100%;\" width=\"100%\" cellspacing=\"0\" cellpadding=\"0px 7px\">\n<tbody>\n<tr class=\"firstRow\" style=\"height: 20px;\">\n<td style=\"padding: 0px 7px; border-left-width: 1px; border-left-color: #ffffff; border-right: none; border-top-width: 1px; border-top-color: #ffffff; border-bottom: none; background: #4472c4; text-align: center; vertical-align: middle; height: 36px;\" colspan=\"2\" valign=\"center\" width=\"822\"><span style=\"color: #ffffff; font-size: 12pt;\"><strong><span style=\"font-family: Verdana;\">Norme de conformit\u00e9<\/span><\/strong><\/span><\/td>\n<\/tr>\n<tr style=\"height: 20px;\">\n<td style=\"padding: 0px 7px; border-width: 1px; border-color: #ffffff; background: #d9e1f2; text-align: center; vertical-align: middle; height: 36px;\" valign=\"center\" width=\"350\"><span style=\"font-family: Verdana; font-size: 12pt; color: #000000;\">Forage des bride<\/span><\/td>\n<td style=\"padding: 0px 7px; border-left: none; border-right-width: 1px; border-right-color: #ffffff; border-top-width: 1px; border-top-color: #ffffff; border-bottom-width: 1px; border-bottom-color: #ffffff; background: #d9e1f2; text-align: center; vertical-align: middle; height: 36px;\" valign=\"center\" width=\"472\"><span style=\"font-family: Verdana; font-size: 12pt; color: #000000;\">EN1092-1, ANSI<\/span><\/td>\n<\/tr>\n<tr style=\"height: 20px;\">\n<td style=\"padding: 0px 7px; border-left-width: 1px; border-left-color: #ffffff; border-right-width: 1px; border-right-color: #ffffff; border-top: none; border-bottom-width: 1px; border-bottom-color: #ffffff; background: #b4c6e7; text-align: center; vertical-align: middle; height: 36px;\" valign=\"center\" width=\"350\"><span style=\"font-family: Verdana; font-size: 12pt; color: #000000;\">Rev\u00eatement<\/span><\/td>\n<td style=\"padding: 0px 7px; border-left: none; border-right-width: 1px; border-right-color: #ffffff; border-top: none; border-bottom-width: 1px; border-bottom-color: #ffffff; background: #b4c6e7; text-align: center; vertical-align: middle; height: 36px;\" valign=\"center\" width=\"472\"><span style=\"font-family: Verdana; font-size: 12pt; color: #000000;\">EN30677<\/span><\/td>\n<\/tr>\n<tr style=\"height: 20px;\">\n<td style=\"padding: 0px 7px; border-left-width: 1px; border-left-color: #ffffff; border-right-width: 1px; border-right-color: #ffffff; border-top: none; border-bottom-width: 1px; border-bottom-color: #ffffff; background: #d9e1f2; text-align: center; vertical-align: middle; height: 36px;\" valign=\"center\" width=\"350\"><span style=\"font-family: Verdana; font-size: 12pt; color: #000000;\">Test<\/span><\/td>\n<td style=\"padding: 0px 7px; border-left: none; border-right-width: 1px; border-right-color: #ffffff; border-top: none; border-bottom-width: 1px; border-bottom-color: #ffffff; background: #d9e1f2; text-align: center; vertical-align: middle; height: 36px;\" valign=\"center\" width=\"472\"><span style=\"font-family: Verdana; font-size: 12pt; color: #000000;\">EN12266-1<\/span><\/td>\n<\/tr>\n<\/tbody>\n<\/table>","protected":false},"excerpt":{"rendered":"<p>B2F, C2F, CF :: peuvent \u00eatre utilis\u00e9s dans l'eau de mer, l'eau, les eaux us\u00e9es domestiques, le p\u00e9trole brut, le p\u00e9trole, l'huile de lubrification, l'huile raffin\u00e9e, l'air, le gaz, la vapeur et la poudre granulaire avec une temp\u00e9rature pas sup\u00e9rieure \u00e0 250 degr\u00e9s et autres milieux.<\/p>\n<p>La conception sp\u00e9ciale est autoris\u00e9e, bienvenue pour nous contacter.<\/p>","protected":false},"featured_media":2569,"comment_status":"open","ping_status":"closed","template":"","meta":{"_acf_changed":false},"product_brand":[],"product_cat":[53],"product_tag":[],"class_list":{"0":"post-2912","1":"product","2":"type-product","3":"status-publish","4":"has-post-thumbnail","6":"product_cat-dismantling-joint","8":"first","9":"instock","10":"shipping-taxable","11":"product-type-simple"},"acf":[],"_links":{"self":[{"href":"https:\/\/www.connectionflexible.com\/fr\/wp-json\/wp\/v2\/product\/2912","targetHints":{"allow":["GET"]}}],"collection":[{"href":"https:\/\/www.connectionflexible.com\/fr\/wp-json\/wp\/v2\/product"}],"about":[{"href":"https:\/\/www.connectionflexible.com\/fr\/wp-json\/wp\/v2\/types\/product"}],"replies":[{"embeddable":true,"href":"https:\/\/www.connectionflexible.com\/fr\/wp-json\/wp\/v2\/comments?post=2912"}],"wp:featuredmedia":[{"embeddable":true,"href":"https:\/\/www.connectionflexible.com\/fr\/wp-json\/wp\/v2\/media\/2569"}],"wp:attachment":[{"href":"https:\/\/www.connectionflexible.com\/fr\/wp-json\/wp\/v2\/media?parent=2912"}],"wp:term":[{"taxonomy":"product_brand","embeddable":true,"href":"https:\/\/www.connectionflexible.com\/fr\/wp-json\/wp\/v2\/product_brand?post=2912"},{"taxonomy":"product_cat","embeddable":true,"href":"https:\/\/www.connectionflexible.com\/fr\/wp-json\/wp\/v2\/product_cat?post=2912"},{"taxonomy":"product_tag","embeddable":true,"href":"https:\/\/www.connectionflexible.com\/fr\/wp-json\/wp\/v2\/product_tag?post=2912"}],"curies":[{"name":"WP","href":"https:\/\/api.w.org\/{rel}","templated":true}]}}