{"id":205,"date":"2024-06-28T15:56:11","date_gmt":"2024-06-28T07:56:11","guid":{"rendered":"http:\/\/www.connectionflexible.com\/?post_type=product&#038;p=205"},"modified":"2024-09-29T12:34:22","modified_gmt":"2024-09-29T04:34:22","slug":"adaptador-de-flange-universal","status":"publish","type":"product","link":"https:\/\/www.connectionflexible.com\/pt\/product\/universal-flange-adaptor\/","title":{"rendered":"Adaptador de flange universal"},"content":{"rendered":"<table style=\"width: 100%;\" width=\"100%\" cellspacing=\"0\" cellpadding=\"0px 7px\">\n<tbody>\n<tr class=\"firstRow\" style=\"height: 20px;\">\n<td style=\"padding: 0px 7px; border-width: 1px; border-color: #ffffff; background: #4472c4; height: 34px; text-align: center; vertical-align: middle;\" valign=\"center\" width=\"56\"><span style=\"font-size: 12pt;\"><strong><span style=\"font-family: Verdana; color: #ffffff;\">Parte No.<\/span><\/strong><\/span><\/td>\n<td style=\"padding: 0px 7px; border-left: none; border-right-width: 1px; border-right-color: #ffffff; border-top-width: 1px; border-top-color: #ffffff; border-bottom-width: 1px; border-bottom-color: #ffffff; background: #4472c4; height: 34px; text-align: center; vertical-align: middle;\" valign=\"center\" width=\"195\"><span style=\"font-size: 12pt;\"><strong><span style=\"font-family: Verdana; color: #ffffff;\">Nome da pe\u00e7a<\/span><\/strong><\/span><\/td>\n<td style=\"padding: 0px 7px; border-left: none; border-right-width: 1px; border-right-color: #ffffff; border-top-width: 1px; border-top-color: #ffffff; border-bottom-width: 1px; border-bottom-color: #ffffff; background: #4472c4; height: 34px; text-align: center; vertical-align: middle;\" valign=\"center\" width=\"187\"><span style=\"font-size: 12pt;\"><strong><span style=\"font-family: Verdana; color: #ffffff;\">Material<\/span><\/strong><\/span><\/td>\n<td style=\"padding: 0px 7px; border-left: none; border-right-width: 1px; border-right-color: #ffffff; border-top-width: 1px; border-top-color: #ffffff; border-bottom-width: 1px; border-bottom-color: #ffffff; background: #4472c4; height: 34px; text-align: center; vertical-align: middle;\" valign=\"center\" width=\"150\"><span style=\"font-size: 12pt;\"><strong><span style=\"font-family: Verdana; color: #ffffff;\">Padr\u00e3o<\/span><\/strong><\/span><\/td>\n<\/tr>\n<tr style=\"height: 20px;\">\n<td style=\"padding: 0px 7px; border-left-width: 1px; border-left-color: #ffffff; border-right-width: 1px; border-right-color: #ffffff; border-top: none; border-bottom-width: 1px; border-bottom-color: #ffffff; background: #b4c6e7; height: 34px; text-align: center; vertical-align: middle;\" valign=\"center\" width=\"56\"><span style=\"font-family: Verdana; font-size: 12pt;\">1<\/span><\/td>\n<td style=\"padding: 0px 7px; border-left: none; border-right-width: 1px; border-right-color: #ffffff; border-top: none; border-bottom-width: 1px; border-bottom-color: #ffffff; background: #d9e2f3; height: 34px; text-align: center; vertical-align: middle;\" valign=\"center\" width=\"195\"><span style=\"font-family: Verdana; font-size: 12pt;\">Tubo de flange<\/span><\/td>\n<td style=\"padding: 0px 7px; border-left: none; border-right-width: 1px; border-right-color: #ffffff; border-top: none; border-bottom-width: 1px; border-bottom-color: #ffffff; background: #d9e2f3; height: 34px; text-align: center; vertical-align: middle;\" valign=\"center\" width=\"187\"><span style=\"font-family: Verdana; font-size: 12pt;\">GGG50<\/span><\/td>\n<td style=\"padding: 0px 7px; border-left: none; border-right-width: 1px; border-right-color: #ffffff; border-top: none; border-bottom-width: 1px; border-bottom-color: #ffffff; background: #d9e2f3; height: 34px; text-align: center; vertical-align: middle;\" valign=\"center\" width=\"150\"><span style=\"font-family: Verdana; font-size: 12pt;\">EN1563<\/span><\/td>\n<\/tr>\n<tr style=\"height: 20px;\">\n<td style=\"padding: 0px 7px; border-left-width: 1px; border-left-color: #ffffff; border-right-width: 1px; border-right-color: #ffffff; border-top: none; border-bottom-width: 1px; border-bottom-color: #ffffff; background: #b4c6e7; height: 34px; text-align: center; vertical-align: middle;\" valign=\"center\" width=\"56\"><span style=\"font-family: Verdana; font-size: 12pt;\">2<\/span><\/td>\n<td style=\"padding: 0px 7px; border-left: none; border-right-width: 1px; border-right-color: #ffffff; border-top: none; border-bottom-width: 1px; border-bottom-color: #ffffff; background: #b4c6e7; height: 34px; text-align: center; vertical-align: middle;\" valign=\"center\" width=\"195\"><span style=\"font-family: Verdana; font-size: 12pt;\">Junta de borracha<\/span><\/td>\n<td style=\"padding: 0px 7px; border-left: none; border-right-width: 1px; border-right-color: #ffffff; border-top: none; border-bottom-width: 1px; border-bottom-color: #ffffff; background: #b4c6e7; height: 34px; text-align: center; vertical-align: middle;\" valign=\"center\" width=\"187\"><span style=\"font-family: Verdana; font-size: 12pt;\">EPDM\/SBR\/NBR<\/span><\/td>\n<td style=\"padding: 0px 7px; border-left: none; border-right-width: 1px; border-right-color: #ffffff; border-top: none; border-bottom-width: 1px; border-bottom-color: #ffffff; background: #b4c6e7; height: 34px; text-align: center; vertical-align: middle;\" valign=\"center\" width=\"150\"><span style=\"font-family: Verdana; font-size: 12pt;\">ISO4633<\/span><\/td>\n<\/tr>\n<tr style=\"height: 20px;\">\n<td style=\"padding: 0px 7px; border-left-width: 1px; border-left-color: #ffffff; border-right-width: 1px; border-right-color: #ffffff; border-top: none; border-bottom-width: 1px; border-bottom-color: #ffffff; background: #b4c6e7; height: 34px; text-align: center; vertical-align: middle;\" valign=\"center\" width=\"56\"><span style=\"font-family: Verdana; font-size: 12pt;\">3<\/span><\/td>\n<td style=\"padding: 0px 7px; border-left: none; border-right-width: 1px; border-right-color: #ffffff; border-top: none; border-bottom-width: 1px; border-bottom-color: #ffffff; background: #d9e2f3; height: 34px; text-align: center; vertical-align: middle;\" valign=\"center\" width=\"195\"><span style=\"font-family: Verdana; font-size: 12pt;\">Flange da gl\u00e2ndula<\/span><\/td>\n<td style=\"padding: 0px 7px; border-left: none; border-right-width: 1px; border-right-color: #ffffff; border-top: none; border-bottom-width: 1px; border-bottom-color: #ffffff; background: #d9e2f3; height: 34px; text-align: center; vertical-align: middle;\" valign=\"center\" width=\"187\"><span style=\"font-family: Verdana; font-size: 12pt;\">GGG50<\/span><\/td>\n<td style=\"padding: 0px 7px; border-left: none; border-right-width: 1px; border-right-color: #ffffff; border-top: none; border-bottom-width: 1px; border-bottom-color: #ffffff; background: #d9e2f3; height: 34px; text-align: center; vertical-align: middle;\" valign=\"center\" width=\"150\"><span style=\"font-family: Verdana; font-size: 12pt;\">EN1563<\/span><\/td>\n<\/tr>\n<tr style=\"height: 25px;\">\n<td style=\"padding: 0px 7px; border-left-width: 1px; border-left-color: #ffffff; border-right-width: 1px; border-right-color: #ffffff; border-top: none; border-bottom-width: 1px; border-bottom-color: #ffffff; background: #b4c6e7; height: 34px; text-align: center; vertical-align: middle;\" valign=\"center\" width=\"56\"><span style=\"font-family: Verdana; font-size: 12pt;\">4<\/span><\/td>\n<td style=\"padding: 0px 7px; border-left: none; border-right-width: 1px; border-right-color: #ffffff; border-top: none; border-bottom-width: 1px; border-bottom-color: #ffffff; background: #b4c6e7; height: 34px; text-align: center; vertical-align: middle;\" valign=\"center\" width=\"195\"><span style=\"font-family: Verdana; font-size: 12pt;\">Parafusos e porcas<\/span><\/td>\n<td style=\"padding: 0px 7px; border-left: none; border-right-width: 1px; border-right-color: #ffffff; border-top: none; border-bottom-width: 1px; border-bottom-color: #ffffff; background: #b4c6e7; height: 34px; text-align: center; vertical-align: middle;\" valign=\"center\" width=\"187\"><span style=\"font-family: Verdana; font-size: 12pt;\">Aceiro de carbono 6.8\/8.8, SS, Dacromet<\/span><\/td>\n<td style=\"padding: 0px 7px; border-left: none; border-right-width: 1px; border-right-color: #ffffff; border-top: none; border-bottom-width: 1px; border-bottom-color: #ffffff; background: #b4c6e7; height: 34px; text-align: center; vertical-align: middle;\" valign=\"center\" width=\"150\"><span style=\"font-family: Verdana; font-size: 12pt;\">ISO898<\/span><\/td>\n<\/tr>\n<tr style=\"height: 20px;\">\n<td style=\"padding: 0px 7px; border-left-width: 1px; border-left-color: #ffffff; border-right-width: 1px; border-right-color: #ffffff; border-top: none; border-bottom-width: 1px; border-bottom-color: #ffffff; background: #b4c6e7; height: 34px; text-align: center; vertical-align: middle;\" valign=\"center\" width=\"56\"><span style=\"font-family: Verdana; font-size: 12pt;\">5<\/span><\/td>\n<td style=\"padding: 0px 7px; border-left: none; border-right-width: 1px; border-right-color: #ffffff; border-top: none; border-bottom-width: 1px; border-bottom-color: #ffffff; background: #d9e2f3; height: 34px; text-align: center; vertical-align: middle;\" valign=\"center\" width=\"195\"><span style=\"font-family: Verdana; font-size: 12pt;\">Camada de acabamento<\/span><\/td>\n<td style=\"padding: 0px 7px; border-left: none; border-right-width: 1px; border-right-color: #ffffff; border-top: none; border-bottom-width: 1px; border-bottom-color: #ffffff; background: #d9e2f3; height: 34px; text-align: center; vertical-align: middle;\" valign=\"center\" width=\"187\"><span style=\"font-family: Verdana; font-size: 12pt;\">Ep\u00f3xi de liga\u00e7\u00e3o de fus\u00e3o etc.<\/span><\/td>\n<td style=\"padding: 0px 7px; border-left: none; border-right-width: 1px; border-right-color: #ffffff; border-top: none; border-bottom-width: 1px; border-bottom-color: #ffffff; background: #d9e2f3; height: 34px; text-align: center; vertical-align: middle;\" valign=\"center\" width=\"150\"><span style=\"font-family: Verdana; font-size: 12pt;\">EN14901<\/span><\/td>\n<\/tr>\n<\/tbody>\n<\/table>\n<p>&nbsp;<\/p>\n<table style=\"width: 100%;\" width=\"100%\" cellspacing=\"0\" cellpadding=\"0px 7px\">\n<tbody>\n<tr class=\"firstRow\" style=\"height: 20px;\">\n<td style=\"padding: 0px 7px; border-left-width: 1px; border-left-color: #ffffff; border-right: none; border-top-width: 1px; border-top-color: #ffffff; border-bottom: none; background: #4472c4; height: 34px; text-align: center; vertical-align: middle;\" colspan=\"2\" valign=\"center\" width=\"587\"><span style=\"font-size: 12pt;\"><strong><span style=\"font-family: Verdana; color: #ffffff;\">Briefes e recursos<\/span><\/strong><\/span><\/td>\n<\/tr>\n<tr style=\"height: 20px;\">\n<td style=\"padding: 0px 7px; border-width: 1px; border-color: #ffffff; background: #b4c6e7; height: 34px; text-align: center; vertical-align: middle;\" valign=\"center\" width=\"56\"><span style=\"font-family: Verdana; font-size: 12pt;\">1<\/span><\/td>\n<td style=\"padding: 0px 7px; border-left: none; border-right-width: 1px; border-right-color: #ffffff; border-top-width: 1px; border-top-color: #ffffff; border-bottom-width: 1px; border-bottom-color: #ffffff; background: #d9e2f3; height: 34px; vertical-align: middle; text-align: left;\" valign=\"center\" width=\"531\"><span style=\"font-family: Verdana; font-size: 12pt;\">Adequado para a\u00e7o, ferro, tubos de pl\u00e1stico, ampla gama de di\u00e2metros de tubo.<\/span><\/td>\n<\/tr>\n<tr style=\"height: 20px;\">\n<td style=\"padding: 0px 7px; border-left-width: 1px; border-left-color: #ffffff; border-right-width: 1px; border-right-color: #ffffff; border-top: none; border-bottom-width: 1px; border-bottom-color: #ffffff; background: #b4c6e7; height: 34px; text-align: center; vertical-align: middle;\" valign=\"center\" width=\"56\"><span style=\"font-family: Verdana; font-size: 12pt;\">2<\/span><\/td>\n<td style=\"padding: 0px 7px; border-left: none; border-right-width: 1px; border-right-color: #ffffff; border-top: none; border-bottom-width: 1px; border-bottom-color: #ffffff; background: #b4c6e7; height: 34px; vertical-align: middle; text-align: left;\" valign=\"center\" width=\"531\"><span style=\"font-family: Verdana; font-size: 12pt;\">Press\u00e3o de trabalho PN10\/PN16\/PN25.<\/span><\/td>\n<\/tr>\n<tr style=\"height: 20px;\">\n<td style=\"padding: 0px 7px; border-left-width: 1px; border-left-color: #ffffff; border-right-width: 1px; border-right-color: #ffffff; border-top: none; border-bottom-width: 1px; border-bottom-color: #ffffff; background: #b4c6e7; height: 34px; text-align: center; vertical-align: middle;\" valign=\"center\" width=\"56\"><span style=\"font-family: Verdana; font-size: 12pt;\">3<\/span><\/td>\n<td style=\"padding: 0px 7px; border-left: none; border-right-width: 1px; border-right-color: #ffffff; border-top: none; border-bottom-width: 1px; border-bottom-color: #ffffff; background: #d9e2f3; height: 34px; vertical-align: middle; text-align: left;\" valign=\"center\" width=\"531\"><span style=\"font-size: 12pt;\"><span style=\"font-family: Verdana;\">Temperatura m\u00e1xima<\/span><span style=\"font-family: Verdana;\">\u00a0-10 \u00b0 C a+70 \u00b0 C.<\/span><\/span><\/td>\n<\/tr>\n<tr style=\"height: 28px;\">\n<td style=\"padding: 0px 7px; border-left-width: 1px; border-left-color: #ffffff; border-right-width: 1px; border-right-color: #ffffff; border-top: none; border-bottom-width: 1px; border-bottom-color: #ffffff; background: #b4c6e7; height: 34px; text-align: center; vertical-align: middle;\" valign=\"center\" width=\"56\"><span style=\"font-family: Verdana; font-size: 12pt;\">4<\/span><\/td>\n<td style=\"padding: 0px 7px; border-left: none; border-right-width: 1px; border-right-color: #ffffff; border-top: none; border-bottom-width: 1px; border-bottom-color: #ffffff; background: #b4c6e7; height: 34px; vertical-align: middle; text-align: left;\" valign=\"center\" width=\"531\"><span style=\"font-size: 12pt;\"><span style=\"font-family: Verdana;\">Adequado para <\/span><span style=\"font-family: Verdana;\">pot\u00e1vel<\/span><span style=\"font-family: Verdana;\">\u00a0\u00c1gua (WRAS aprovada), l\u00edquidos neutros e esgoto.<\/span><\/span><\/td>\n<\/tr>\n<tr style=\"height: 20px;\">\n<td style=\"padding: 0px 7px; background: #b4c6e7; height: 34px; text-align: center; vertical-align: middle; border-color: #ffffff;\" valign=\"center\" width=\"56\"><span style=\"font-family: Verdana; font-size: 12pt;\">5<\/span><\/td>\n<td style=\"padding: 0px 7px; border-left-width: 1px; border-right-width: 1px; border-top: none #ffffff; border-bottom-width: 1px; background: #d9e2f3; height: 34px; vertical-align: middle; text-align: left; border-right-color: #ffffff; border-bottom-color: #ffffff; border-left-color: #ffffff;\" valign=\"center\" width=\"531\"><span style=\"font-family: Verdana; font-size: 12pt;\">O desvio total do \u00e2ngulo \u00e9 +\/- 6 graus.<\/span><\/td>\n<\/tr>\n<\/tbody>\n<\/table>\n<p>&nbsp;<\/p>\n<table style=\"width: 100%;\" width=\"100%\" cellspacing=\"0\" cellpadding=\"0px 7px\">\n<tbody>\n<tr class=\"firstRow\" style=\"height: 20px;\">\n<td style=\"padding: 0px 7px; border-left-width: 1px; border-left-color: #ffffff; border-right: none; border-top-width: 1px; border-top-color: #ffffff; border-bottom: none; background: #4472c4; height: 34px; text-align: center; vertical-align: middle;\" colspan=\"2\" valign=\"center\" width=\"587\"><span style=\"font-size: 12pt;\"><strong><span style=\"font-family: Verdana; color: #ffffff;\">Cumprindo padr\u00e3o<\/span><\/strong><\/span><\/td>\n<\/tr>\n<tr style=\"height: 20px;\">\n<td style=\"padding: 0px 7px; border-width: 1px; border-color: #ffffff; background: #d9e1f2; height: 34px; text-align: center; vertical-align: middle;\" valign=\"center\" width=\"302\">\n<p style=\";text-align: center; vertical-align: middle;\"><span style=\"font-family: Verdana; font-size: 12pt;\">Perfura\u00e7\u00e3o de flange<\/span><\/p>\n<\/td>\n<td style=\"padding: 0px 7px; border-left: none; border-right-width: 1px; border-right-color: #ffffff; border-top-width: 1px; border-top-color: #ffffff; border-bottom-width: 1px; border-bottom-color: #ffffff; background: #d9e1f2; height: 34px; text-align: center; vertical-align: middle;\" valign=\"center\" width=\"285\"><span style=\"font-family: Verdana; font-size: 12pt;\">EN1092-2, EN1092-1, ANSI<\/span><\/td>\n<\/tr>\n<tr style=\"height: 20px;\">\n<td style=\"padding: 0px 7px; border-left-width: 1px; border-left-color: #ffffff; border-right-width: 1px; border-right-color: #ffffff; border-top: none; border-bottom-width: 1px; border-bottom-color: #ffffff; background: #b4c6e7; height: 34px; text-align: center; vertical-align: middle;\" valign=\"center\" width=\"302\"><span style=\"font-family: Verdana; font-size: 12pt;\">Revestimento<\/span><\/td>\n<td style=\"padding: 0px 7px; border-left: none; border-right-width: 1px; border-right-color: #ffffff; border-top: none; border-bottom-width: 1px; border-bottom-color: #ffffff; background: #b4c6e7; height: 34px; text-align: center; vertical-align: middle;\" valign=\"center\" width=\"285\"><span style=\"font-family: Verdana; font-size: 12pt;\">EN30677<\/span><\/td>\n<\/tr>\n<tr style=\"height: 20px;\">\n<td style=\"padding: 0px 7px; border-left-width: 1px; border-left-color: #ffffff; border-right-width: 1px; border-right-color: #ffffff; border-top: none; border-bottom-width: 1px; border-bottom-color: #ffffff; background: #d9e1f2; height: 34px; text-align: center; vertical-align: middle;\" valign=\"center\" width=\"302\"><span style=\"font-family: Verdana; font-size: 12pt;\">Teste<\/span><\/td>\n<td style=\"padding: 0px 7px; border-left: none; border-right-width: 1px; border-right-color: #ffffff; border-top: none; border-bottom-width: 1px; border-bottom-color: #ffffff; background: #d9e1f2; height: 34px; text-align: center; vertical-align: middle;\" valign=\"center\" width=\"285\"><span style=\"font-family: Verdana; font-size: 12pt;\">EN12266-1<\/span><\/td>\n<\/tr>\n<\/tbody>\n<\/table>","protected":false},"excerpt":{"rendered":"<p>O adaptador de flange universal representa a mais recente tecnologia de acoplamento mec\u00e2nico para conectar um tubo de di\u00e2metro de variedade para salvar o tempo de instala\u00e7\u00e3o, instalar com facilidade e remover convenientemente.<\/p>\n<p>O design especial \u00e9 permitido, bem -vindo para entrar em contato conosco.<\/p>","protected":false},"featured_media":1945,"comment_status":"open","ping_status":"closed","template":"","meta":{"_acf_changed":false},"product_brand":[],"product_cat":[64],"product_tag":[],"class_list":{"0":"post-205","1":"product","2":"type-product","3":"status-publish","4":"has-post-thumbnail","6":"product_cat-flange-adaptor","8":"first","9":"instock","10":"shipping-taxable","11":"product-type-simple"},"acf":[],"_links":{"self":[{"href":"https:\/\/www.connectionflexible.com\/pt\/wp-json\/wp\/v2\/product\/205","targetHints":{"allow":["GET"]}}],"collection":[{"href":"https:\/\/www.connectionflexible.com\/pt\/wp-json\/wp\/v2\/product"}],"about":[{"href":"https:\/\/www.connectionflexible.com\/pt\/wp-json\/wp\/v2\/types\/product"}],"replies":[{"embeddable":true,"href":"https:\/\/www.connectionflexible.com\/pt\/wp-json\/wp\/v2\/comments?post=205"}],"wp:featuredmedia":[{"embeddable":true,"href":"https:\/\/www.connectionflexible.com\/pt\/wp-json\/wp\/v2\/media\/1945"}],"wp:attachment":[{"href":"https:\/\/www.connectionflexible.com\/pt\/wp-json\/wp\/v2\/media?parent=205"}],"wp:term":[{"taxonomy":"product_brand","embeddable":true,"href":"https:\/\/www.connectionflexible.com\/pt\/wp-json\/wp\/v2\/product_brand?post=205"},{"taxonomy":"product_cat","embeddable":true,"href":"https:\/\/www.connectionflexible.com\/pt\/wp-json\/wp\/v2\/product_cat?post=205"},{"taxonomy":"product_tag","embeddable":true,"href":"https:\/\/www.connectionflexible.com\/pt\/wp-json\/wp\/v2\/product_tag?post=205"}],"curies":[{"name":"wp","href":"https:\/\/api.w.org\/{rel}","templated":true}]}}