{"id":2442,"date":"2024-08-28T10:44:46","date_gmt":"2024-08-28T02:44:46","guid":{"rendered":"http:\/\/www.connectionflexible.com\/?post_type=product&#038;p=2442"},"modified":"2024-09-12T20:00:15","modified_gmt":"2024-09-12T12:00:15","slug":"flange-de-soldadura-plana-em-aco-carbono","status":"publish","type":"product","link":"https:\/\/www.connectionflexible.com\/pt\/product\/carbon-steel-flat-weld-flange\/","title":{"rendered":"Carbon Steel Flat\/Weld Flange"},"content":{"rendered":"","protected":false},"excerpt":{"rendered":"<p>O material do flange pode incluir Q235\u300120#\u3001 A105 \uff0c etc.<\/p>\n<p>Faixa de press\u00e3o: pn2.5 \u3001 pn6 \u3001 pn10 \u3001 pn16 \u3001 pn25 \u3001 pn40 \u3001 pn63 \u3001 pn100 \u3001 pn160 \u3001 pn250 \u3001 pn320 \u3001 pn400.<\/p>\n<p>O plano de a\u00e7o carbono pode ser usado na ind\u00fastria qu\u00edmica, constru\u00e7\u00e3o, abastecimento de \u00e1gua e drenagem, aquecimento, ar condicionado, petr\u00f3leo, g\u00e1s natural, alimentos e bebidas e outros campos.<\/p>","protected":false},"featured_media":2665,"comment_status":"open","ping_status":"closed","template":"","meta":{"_acf_changed":false},"product_brand":[],"product_cat":[24],"product_tag":[],"class_list":{"0":"post-2442","1":"product","2":"type-product","3":"status-publish","4":"has-post-thumbnail","6":"product_cat-flexible-connection","8":"first","9":"instock","10":"shipping-taxable","11":"product-type-simple"},"acf":[],"_links":{"self":[{"href":"https:\/\/www.connectionflexible.com\/pt\/wp-json\/wp\/v2\/product\/2442","targetHints":{"allow":["GET"]}}],"collection":[{"href":"https:\/\/www.connectionflexible.com\/pt\/wp-json\/wp\/v2\/product"}],"about":[{"href":"https:\/\/www.connectionflexible.com\/pt\/wp-json\/wp\/v2\/types\/product"}],"replies":[{"embeddable":true,"href":"https:\/\/www.connectionflexible.com\/pt\/wp-json\/wp\/v2\/comments?post=2442"}],"wp:featuredmedia":[{"embeddable":true,"href":"https:\/\/www.connectionflexible.com\/pt\/wp-json\/wp\/v2\/media\/2665"}],"wp:attachment":[{"href":"https:\/\/www.connectionflexible.com\/pt\/wp-json\/wp\/v2\/media?parent=2442"}],"wp:term":[{"taxonomy":"product_brand","embeddable":true,"href":"https:\/\/www.connectionflexible.com\/pt\/wp-json\/wp\/v2\/product_brand?post=2442"},{"taxonomy":"product_cat","embeddable":true,"href":"https:\/\/www.connectionflexible.com\/pt\/wp-json\/wp\/v2\/product_cat?post=2442"},{"taxonomy":"product_tag","embeddable":true,"href":"https:\/\/www.connectionflexible.com\/pt\/wp-json\/wp\/v2\/product_tag?post=2442"}],"curies":[{"name":"wp","href":"https:\/\/api.w.org\/{rel}","templated":true}]}}