{"id":2444,"date":"2024-08-28T10:47:30","date_gmt":"2024-08-28T02:47:30","guid":{"rendered":"http:\/\/www.connectionflexible.com\/?post_type=product&#038;p=2444"},"modified":"2024-09-18T18:23:36","modified_gmt":"2024-09-18T10:23:36","slug":"compensador-em-aco-inoxidavel","status":"publish","type":"product","link":"https:\/\/www.connectionflexible.com\/pt\/product\/stainless-steel-compensator\/","title":{"rendered":"Compensador de a\u00e7o inoxid\u00e1vel"},"content":{"rendered":"<table style=\"width: 100%; height: 373px;\" width=\"100%\" cellspacing=\"0\" cellpadding=\"0px 7px\">\n<tbody>\n<tr class=\"firstRow\" style=\"height: 20px;\">\n<td style=\"padding: 0px 7px; border-width: 1px; border-color: #ffffff; background: #4472c4; width: 201px; vertical-align: middle; text-align: center; height: 36px;\" valign=\"center\"><span style=\"font-size: 12pt;\"><strong><span style=\"font-family: Verdana; color: #ffffff;\">Parte No.<\/span><\/strong><\/span><\/td>\n<td style=\"padding: 0px 7px; border-left: none; border-right-width: 1px; border-right-color: #ffffff; border-top-width: 1px; border-top-color: #ffffff; border-bottom-width: 1px; border-bottom-color: #ffffff; background: #4472c4; width: 581.984px; vertical-align: middle; text-align: center; height: 36px;\" valign=\"center\"><span style=\"font-size: 12pt;\"><strong><span style=\"font-family: Verdana; color: #ffffff;\">Nome da pe\u00e7a<\/span><\/strong><\/span><\/td>\n<td style=\"padding: 0px 7px; border-left: none; border-right-width: 1px; border-right-color: #ffffff; border-top-width: 1px; border-top-color: #ffffff; border-bottom-width: 1px; border-bottom-color: #ffffff; background: #4472c4; width: 545px; vertical-align: middle; text-align: center; height: 36px;\" valign=\"center\"><span style=\"font-size: 12pt;\"><strong><span style=\"font-family: Verdana; color: #ffffff;\">Material<\/span><\/strong><\/span><\/td>\n<td style=\"padding: 0px 7px; border-left: none; border-right-width: 1px; border-right-color: #ffffff; border-top-width: 1px; border-top-color: #ffffff; border-bottom-width: 1px; border-bottom-color: #ffffff; background: #4472c4; width: 604.016px; vertical-align: middle; text-align: center; height: 36px;\" valign=\"center\"><span style=\"font-size: 12pt;\"><strong><span style=\"font-family: Verdana; color: #ffffff;\">Padr\u00e3o<\/span><\/strong><\/span><\/td>\n<\/tr>\n<tr style=\"height: 20px;\">\n<td style=\"padding: 0px 7px; border-left-width: 1px; border-left-color: #ffffff; border-right-width: 1px; border-right-color: #ffffff; border-top: none; border-bottom-width: 1px; border-bottom-color: #ffffff; background: #b4c6e7; width: 201px; vertical-align: middle; text-align: center; height: 36px;\" valign=\"center\"><span style=\"font-family: Verdana; font-size: 12pt;\">1<\/span><\/td>\n<td style=\"padding: 0px 7px; border-left: none; border-right-width: 1px; border-right-color: #ffffff; border-top: none; border-bottom-width: 1px; border-bottom-color: #ffffff; background: #d9e2f3; width: 581.984px; vertical-align: middle; text-align: center; height: 36px;\" valign=\"center\"><span style=\"font-family: Verdana; font-size: 12pt;\">Terminais<\/span><\/td>\n<td style=\"padding: 0px 7px; border-left: none; border-right-width: 1px; border-right-color: #ffffff; border-top: none; border-bottom-width: 1px; border-bottom-color: #ffffff; background: #d9e2f3; width: 545px; vertical-align: middle; text-align: center; height: 36px;\" valign=\"center\"><span style=\"font-family: Verdana; font-size: 12pt;\">A\u00e7o inoxid\u00e1vel<\/span><\/td>\n<td style=\"padding: 0px 7px; border-left: none; border-right-width: 1px; border-right-color: #ffffff; border-top: none; border-bottom-width: 1px; border-bottom-color: #ffffff; background: #b4c6e7; width: 604.016px; vertical-align: middle; text-align: center; height: 36px;\" valign=\"center\"><span style=\"font-family: Verdana; font-size: 12pt;\">EN 10088-1<\/span><\/td>\n<\/tr>\n<tr style=\"height: 20px;\">\n<td style=\"padding: 0px 7px; border-left-width: 1px; border-left-color: #ffffff; border-right-width: 1px; border-right-color: #ffffff; border-top: none; border-bottom-width: 1px; border-bottom-color: #ffffff; background: #b4c6e7; width: 201px; vertical-align: middle; text-align: center; height: 36px;\" valign=\"center\"><\/td>\n<td style=\"padding: 0px 7px; border-left: none; border-right-width: 1px; border-right-color: #ffffff; border-top: none; border-bottom-width: 1px; border-bottom-color: #ffffff; background: #d9e2f3; width: 581.984px; vertical-align: middle; text-align: center; height: 36px;\" valign=\"center\"><span style=\"font-family: Verdana; font-size: 12pt;\">Flange<\/span><\/td>\n<td style=\"padding: 0px 7px; border-left: none; border-right-width: 1px; border-right-color: #ffffff; border-top: none; border-bottom-width: 1px; border-bottom-color: #ffffff; background: #d9e2f3; width: 545px; vertical-align: middle; text-align: center; height: 36px;\" valign=\"center\"><span style=\"font-family: Verdana; font-size: 12pt;\">A\u00e7o inoxid\u00e1vel<\/span><\/td>\n<td style=\"padding: 0px 7px; border-left: none; border-right-width: 1px; border-right-color: #ffffff; border-top: none; border-bottom-width: 1px; border-bottom-color: #ffffff; background: #b4c6e7; width: 604.016px; vertical-align: middle; text-align: center; height: 36px;\" valign=\"center\"><span style=\"font-family: Verdana; font-size: 12pt;\">En 1092<\/span><\/td>\n<\/tr>\n<tr style=\"height: 20px;\">\n<td style=\"padding: 0px 7px; border-left-width: 1px; border-left-color: #ffffff; border-right-width: 1px; border-right-color: #ffffff; border-top: none; border-bottom-width: 1px; border-bottom-color: #ffffff; background: #b4c6e7; width: 201px; vertical-align: middle; text-align: center; height: 36px;\" valign=\"center\"><span style=\"font-family: Verdana; font-size: 12pt;\">2<\/span><\/td>\n<td style=\"padding: 0px 7px; border-left: none; border-right-width: 1px; border-right-color: #ffffff; border-top: none; border-bottom-width: 1px; border-bottom-color: #ffffff; background: #b4c6e7; width: 581.984px; vertical-align: middle; text-align: center; height: 36px;\" valign=\"center\"><span style=\"font-family: Verdana; font-size: 12pt;\">Abaixo<\/span><\/td>\n<td style=\"padding: 0px 7px; border-left: none; border-right-width: 1px; border-right-color: #ffffff; border-top: none; border-bottom-width: 1px; border-bottom-color: #ffffff; background: #b4c6e7; width: 545px; vertical-align: middle; text-align: center; height: 36px;\" valign=\"center\"><span style=\"font-family: Verdana; font-size: 12pt;\">A\u00e7o inoxid\u00e1vel<\/span><\/td>\n<td style=\"padding: 0px 7px; border-left: none; border-right-width: 1px; border-right-color: #ffffff; border-top: none; border-bottom-width: 1px; border-bottom-color: #ffffff; background: #b4c6e7; width: 604.016px; vertical-align: middle; text-align: center; height: 36px;\" valign=\"center\"><span style=\"font-family: Verdana; font-size: 12pt;\">EN 10088-3<\/span><\/td>\n<\/tr>\n<tr style=\"height: 20px;\">\n<td style=\"padding: 0px 7px; border-left-width: 1px; border-left-color: #ffffff; border-right-width: 1px; border-right-color: #ffffff; border-top: none; border-bottom-width: 1px; border-bottom-color: #ffffff; background: #b4c6e7; width: 201px; vertical-align: middle; text-align: center; height: 36px;\" valign=\"center\"><span style=\"font-family: Verdana; font-size: 12pt;\">3<\/span><\/td>\n<td style=\"padding: 0px 7px; border-left: none; border-right-width: 1px; border-right-color: #ffffff; border-top: none; border-bottom-width: 1px; border-bottom-color: #ffffff; background: #d9e2f3; width: 581.984px; vertical-align: middle; text-align: center; height: 36px;\" valign=\"center\"><span style=\"font-family: Verdana; font-size: 12pt;\">Tubo de rascunho<\/span><\/td>\n<td style=\"padding: 0px 7px; border-left: none; border-right-width: 1px; border-right-color: #ffffff; border-top: none; border-bottom-width: 1px; border-bottom-color: #ffffff; background: #d9e2f3; width: 545px; vertical-align: middle; text-align: center; height: 36px;\" valign=\"center\"><span style=\"font-family: Verdana; font-size: 12pt;\">A\u00e7o inoxid\u00e1vel<\/span><\/td>\n<td style=\"padding: 0px 7px; border-left: none; border-right: none; border-top: none; border-bottom-width: 1px; border-bottom-color: #ffffff; background: #d9e2f3; width: 605.016px; vertical-align: middle; text-align: center; height: 36px;\" valign=\"center\"><span style=\"font-family: Verdana; font-size: 12pt;\">EN 10088-3<\/span><\/td>\n<\/tr>\n<tr style=\"height: 20px;\">\n<td style=\"padding: 0px 7px; border-left-width: 1px; border-left-color: #ffffff; border-right: none; border-top: none; border-bottom-width: 1px; border-bottom-color: #ffffff; background: #b4c6e7; width: 202px; vertical-align: middle; text-align: center; height: 36px;\" valign=\"center\"><span style=\"font-family: Verdana; font-size: 12pt;\">4<\/span><\/td>\n<td style=\"padding: 0px 7px; border-left-width: 1px; border-left-color: #ffffff; border-right-width: 1px; border-right-color: #ffffff; border-top: none; border-bottom-width: 1px; border-bottom-color: #ffffff; background: #b4c6e7; width: 580.984px; vertical-align: middle; text-align: center; height: 36px;\" valign=\"center\"><span style=\"font-family: Verdana; font-size: 12pt;\">Pule haste<\/span><\/td>\n<td style=\"padding: 0px 7px; border-left: none; border-right-width: 1px; border-right-color: #ffffff; border-top: none; border-bottom-width: 1px; border-bottom-color: #ffffff; background: #b4c6e7; width: 545px; vertical-align: middle; text-align: center; height: 36px;\" valign=\"center\"><span style=\"font-family: Verdana; font-size: 12pt;\">A\u00e7o carbono \/ a\u00e7o inoxid\u00e1vel<\/span><\/td>\n<td style=\"padding: 0px 7px; border-left: none; border-right: none; border-top: none; border-bottom-width: 1px; border-bottom-color: #ffffff; background: #b4c6e7; width: 605.016px; vertical-align: middle; text-align: center; height: 36px;\" valign=\"center\"><span style=\"font-family: Verdana; font-size: 12pt;\">EN 10084\/EN 10088-3<\/span><\/td>\n<\/tr>\n<tr style=\"height: 24px;\">\n<td style=\"padding: 0px 7px; border-left-width: 1px; border-left-color: #ffffff; border-right: none; border-top: none; border-bottom: none; background: #b4c6e7; width: 202px; vertical-align: middle; text-align: center; height: 36px;\" valign=\"center\"><span style=\"font-family: Verdana; font-size: 12pt;\">5<\/span><\/td>\n<td style=\"padding: 0px 7px; border-left-width: 1px; border-left-color: #ffffff; border-right-width: 1px; border-right-color: #ffffff; border-top: none; border-bottom-width: 1px; border-bottom-color: #ffffff; background: #d9e2f3; width: 580.984px; vertical-align: middle; text-align: center; height: 36px;\" valign=\"center\"><span style=\"font-family: Verdana; font-size: 12pt;\">Nozes<\/span><\/td>\n<td style=\"padding: 0px 7px; border-left: none; border-right-width: 1px; border-right-color: #ffffff; border-top: none; border-bottom-width: 1px; border-bottom-color: #ffffff; background: #d9e2f3; width: 545px; vertical-align: middle; text-align: center; height: 36px;\" valign=\"center\"><span style=\"font-family: Verdana; font-size: 12pt;\">Aceiro de carbono 6,8,8,8\/Aceiro inoxid\u00e1vel<\/span><\/td>\n<td style=\"padding: 0px 7px; background: #d9e2f3; width: 603.016px; vertical-align: middle; text-align: center; height: 36px;\" valign=\"center\"><span style=\"font-family: Verdana; font-size: 12pt;\">EN 10084\/EN 10088-3<\/span><\/td>\n<\/tr>\n<\/tbody>\n<\/table>\n<p>&nbsp;<\/p>\n<table style=\"width: 100%;\" width=\"100%\" cellspacing=\"0\">\n<tbody>\n<tr class=\"firstRow\" style=\"height: 20px;\">\n<td style=\"padding: 0px 7px; border-left-width: 1px; border-left-color: #ffffff; border-right: none; border-top-width: 1px; border-top-color: #ffffff; border-bottom: none; background: #4472c4; width: 950px; vertical-align: middle; text-align: center; height: 36px;\" colspan=\"2\" valign=\"center\" width=\"950\"><span style=\"font-size: 12pt;\"><strong><span style=\"font-family: Verdana; color: #ffffff;\">Briefes e recursos<\/span><\/strong><\/span><\/td>\n<\/tr>\n<tr style=\"height: 20px;\">\n<td style=\"padding: 0px 7px; border-width: 1px; border-color: #ffffff; background: #b4c6e7; vertical-align: middle; text-align: center; height: 36px;\" valign=\"center\" width=\"94\"><span style=\"font-family: Verdana; font-size: 12pt;\">1<\/span><\/td>\n<td style=\"padding: 0px 7px; border-left: none; border-right-width: 1px; border-right-color: #ffffff; border-top-width: 1px; border-top-color: #ffffff; border-bottom-width: 1px; border-bottom-color: #ffffff; background: #d9e2f3; vertical-align: middle; text-align: center; height: 36px;\" valign=\"center\" width=\"856\"><span style=\"font-family: Verdana; font-size: 12pt;\">Adequado para todos os tipos de tubula\u00e7\u00e3o de \u00e1gua, tubula\u00e7\u00e3o de fogo, tubula\u00e7\u00e3o de ar condicionado, tubula\u00e7\u00e3o de vapor, etc.<\/span><\/td>\n<\/tr>\n<tr style=\"height: 20px;\">\n<td style=\"padding: 0px 7px; border-left-width: 1px; border-left-color: #ffffff; border-right-width: 1px; border-right-color: #ffffff; border-top: none; border-bottom-width: 1px; border-bottom-color: #ffffff; background: #b4c6e7; vertical-align: middle; text-align: center; height: 36px;\" valign=\"center\" width=\"94\"><span style=\"font-family: Verdana; font-size: 12pt;\">2<\/span><\/td>\n<td style=\"padding: 0px 7px; border-left: none; border-right-width: 1px; border-right-color: #ffffff; border-top: none; border-bottom-width: 1px; border-bottom-color: #ffffff; background: #b4c6e7; vertical-align: middle; text-align: center; height: 36px;\" valign=\"center\" width=\"856\"><span style=\"font-family: Verdana; font-size: 12pt;\">Press\u00e3o de trabalho PN10\/PN16\/PN25.<\/span><\/td>\n<\/tr>\n<tr style=\"height: 20px;\">\n<td style=\"padding: 0px 7px; border-left-width: 1px; border-left-color: #ffffff; border-right-width: 1px; border-right-color: #ffffff; border-top: none; border-bottom-width: 1px; border-bottom-color: #ffffff; background: #b4c6e7; vertical-align: middle; text-align: center; height: 36px;\" valign=\"center\" width=\"94\"><span style=\"font-family: Verdana; font-size: 12pt;\">3<\/span><\/td>\n<td style=\"padding: 0px 7px; border-left: none; border-right-width: 1px; border-right-color: #ffffff; border-top: none; border-bottom-width: 1px; border-bottom-color: #ffffff; background: #d9e2f3; vertical-align: middle; text-align: center; height: 36px;\" valign=\"center\" width=\"856\"><span style=\"font-family: Verdana; font-size: 12pt;\">Temperatura m\u00e1xima -196 \u00b0 C ~ 450 \u00b0 C.<\/span><\/td>\n<\/tr>\n<tr style=\"height: 20px;\">\n<td style=\"padding: 0px 7px; border-left-width: 1px; border-left-color: #ffffff; border-right-width: 1px; border-right-color: #ffffff; border-top: none; border-bottom-width: 1px; border-bottom-color: #ffffff; background: #b4c6e7; vertical-align: middle; text-align: center; height: 36px;\" valign=\"center\" width=\"94\"><span style=\"font-family: \u7b49\u7ebf; font-size: 12pt;\"><span style=\"font-family: Verdana;\">4<\/span><\/span><\/td>\n<td style=\"padding: 0px 7px; border-left: none; border-right-width: 1px; border-right-color: #ffffff; border-top: none; border-bottom-width: 1px; border-bottom-color: #ffffff; background: #d9e2f3; vertical-align: middle; text-align: center; height: 36px;\" valign=\"center\" width=\"856\"><span style=\"font-family: Verdana; font-size: 12pt;\">O desvio total do \u00e2ngulo \u00e9 de 5 a 30 graus.<\/span><\/td>\n<\/tr>\n<\/tbody>\n<\/table>\n<p>&nbsp;<\/p>\n<table style=\"width: 100%; height: 200px;\" width=\"100%\" cellspacing=\"0\" cellpadding=\"0px 7px\">\n<tbody>\n<tr class=\"firstRow\" style=\"height: 20px;\">\n<td style=\"padding: 0px 7px; border-left-width: 1px; border-left-color: #ffffff; border-right: none; border-top-width: 1px; border-top-color: #ffffff; border-bottom: none; background: #4472c4; width: 99.8997%; text-align: center; vertical-align: middle; height: 36px;\" colspan=\"2\" valign=\"center\" width=\"950\"><span style=\"font-size: 12pt;\"><strong><span style=\"font-family: Verdana; color: #ffffff;\">Cumprindo padr\u00e3o<\/span><\/strong><\/span><\/td>\n<\/tr>\n<tr style=\"height: 20px;\">\n<td style=\"padding: 0px 7px; border-width: 1px; border-color: #ffffff; background: #d9e1f2; width: 50.2757%; vertical-align: middle; text-align: center; height: 36px;\" valign=\"center\" width=\"661\"><span style=\"font-family: Verdana; font-size: 12pt;\">Perfura\u00e7\u00e3o de flange<\/span><\/td>\n<td style=\"padding: 0px 7px; border-left: none; border-right-width: 1px; border-right-color: #ffffff; border-top-width: 1px; border-top-color: #ffffff; border-bottom-width: 1px; border-bottom-color: #ffffff; background: #d9e1f2; width: 49.6241%; vertical-align: middle; text-align: center; height: 36px;\" valign=\"center\" width=\"289\"><span style=\"font-family: Verdana; font-size: 12pt;\">EN1092-2, EN1092-1, ANSI <\/span><\/td>\n<\/tr>\n<tr style=\"height: 20px;\">\n<td style=\"padding: 0px 7px; border-left-width: 1px; border-left-color: #ffffff; border-right-width: 1px; border-right-color: #ffffff; border-top: none; border-bottom-width: 1px; border-bottom-color: #ffffff; background: #b4c6e7; width: 50.2757%; vertical-align: middle; text-align: center; height: 36px;\" valign=\"center\" width=\"661\"><span style=\"font-family: Verdana; font-size: 12pt;\">Corpo<\/span><\/td>\n<td style=\"padding: 0px 7px; border-left: none; border-right-width: 1px; border-right-color: #ffffff; border-top: none; border-bottom-width: 1px; border-bottom-color: #ffffff; background: #b4c6e7; width: 49.6241%; vertical-align: middle; text-align: center; height: 36px;\" valign=\"center\" width=\"289\"><span style=\"font-family: Verdana; font-size: 12pt;\">EN10088-1<\/span><\/td>\n<\/tr>\n<tr style=\"height: 20px;\">\n<td style=\"padding: 0px 7px; border-left-width: 1px; border-left-color: #ffffff; border-right-width: 1px; border-right-color: #ffffff; border-top: none; border-bottom-width: 1px; border-bottom-color: #ffffff; background: #d9e1f2; width: 50.2757%; vertical-align: middle; text-align: center; height: 36px;\" valign=\"center\" width=\"661\"><span style=\"font-family: Verdana; font-size: 12pt;\">Teste<\/span><\/td>\n<td style=\"padding: 0px 7px; border-left: none; border-right-width: 1px; border-right-color: #ffffff; border-top: none; border-bottom-width: 1px; border-bottom-color: #ffffff; background: #d9e1f2; width: 49.6241%; vertical-align: middle; text-align: center; height: 36px;\" valign=\"center\" width=\"289\"><span style=\"font-family: Verdana; font-size: 12pt;\">EN12266-1<\/span><\/td>\n<\/tr>\n<\/tbody>\n<\/table>","protected":false},"excerpt":{"rendered":"<p>O compensador de a\u00e7o inoxid\u00e1vel \u00e9 usado na entrada e sa\u00edda da bomba central do ar condicionado, bomba de inc\u00eandio, bomba de abastecimento de \u00e1gua, reduz efetivamente a vibra\u00e7\u00e3o do hospedeiro, absorve o ru\u00eddo da tubula\u00e7\u00e3o, protege o equipamento, prolongam a vida \u00fatil do equipamento com resist\u00eancia dur\u00e1vel e de alta temperatura, alta resist\u00eancia \u00e0 press\u00e3o, anticorros\u00e3o, prote\u00e7\u00e3o ambiental e outras vantagens.<\/p>\n<p>O design especial \u00e9 permitido, bem -vindo para entrar em contato conosco.<\/p>","protected":false},"featured_media":2671,"comment_status":"open","ping_status":"closed","template":"","meta":{"_acf_changed":false},"product_brand":[],"product_cat":[24],"product_tag":[],"class_list":{"0":"post-2444","1":"product","2":"type-product","3":"status-publish","4":"has-post-thumbnail","6":"product_cat-flexible-connection","8":"first","9":"instock","10":"shipping-taxable","11":"product-type-simple"},"acf":[],"_links":{"self":[{"href":"https:\/\/www.connectionflexible.com\/pt\/wp-json\/wp\/v2\/product\/2444","targetHints":{"allow":["GET"]}}],"collection":[{"href":"https:\/\/www.connectionflexible.com\/pt\/wp-json\/wp\/v2\/product"}],"about":[{"href":"https:\/\/www.connectionflexible.com\/pt\/wp-json\/wp\/v2\/types\/product"}],"replies":[{"embeddable":true,"href":"https:\/\/www.connectionflexible.com\/pt\/wp-json\/wp\/v2\/comments?post=2444"}],"wp:featuredmedia":[{"embeddable":true,"href":"https:\/\/www.connectionflexible.com\/pt\/wp-json\/wp\/v2\/media\/2671"}],"wp:attachment":[{"href":"https:\/\/www.connectionflexible.com\/pt\/wp-json\/wp\/v2\/media?parent=2444"}],"wp:term":[{"taxonomy":"product_brand","embeddable":true,"href":"https:\/\/www.connectionflexible.com\/pt\/wp-json\/wp\/v2\/product_brand?post=2444"},{"taxonomy":"product_cat","embeddable":true,"href":"https:\/\/www.connectionflexible.com\/pt\/wp-json\/wp\/v2\/product_cat?post=2444"},{"taxonomy":"product_tag","embeddable":true,"href":"https:\/\/www.connectionflexible.com\/pt\/wp-json\/wp\/v2\/product_tag?post=2444"}],"curies":[{"name":"wp","href":"https:\/\/api.w.org\/{rel}","templated":true}]}}